{"id":60214,"date":"2026-03-27T12:13:14","date_gmt":"2026-03-27T12:13:14","guid":{"rendered":"https:\/\/revitalizeinturkey.com\/?page_id=60214"},"modified":"2026-03-27T13:58:37","modified_gmt":"2026-03-27T13:58:37","slug":"revitalizeinturkey-team","status":"publish","type":"page","link":"https:\/\/revitalizeinturkey.com\/zh\/revitalizeinturkey-team\/","title":{"rendered":"\u632f\u5174\u571f\u8033\u5176\u56e2\u961f"},"content":{"rendered":"<div data-elementor-type=\"wp-page\" data-elementor-id=\"60214\" class=\"elementor elementor-60214\" data-elementor-post-type=\"page\">\n\t\t\t\t<div class=\"elementor-element elementor-element-bfe7653 e-grid e-con-boxed e-con e-parent\" data-id=\"bfe7653\" data-element_type=\"container\" data-e-type=\"container\">\n\t\t\t\t\t<div class=\"e-con-inner\">\n\t\t\t\t<div class=\"elementor-element elementor-element-9d86235 elementor-widget elementor-widget-image\" data-id=\"9d86235\" data-element_type=\"widget\" data-e-type=\"widget\" data-widget_type=\"image.default\">\n\t\t\t\t<div class=\"elementor-widget-container\">\n\t\t\t\t\t\t\t\t\t\t\t\t<figure class=\"wp-caption\">\n\t\t\t\t\t\t\t\t\t\t<img fetchpriority=\"high\" decoding=\"async\" width=\"365\" height=\"500\" src=\"https:\/\/revitalizeinturkey.com\/wp-content\/uploads\/2024\/03\/9-365x500.png\" class=\"attachment-ellemed-team size-ellemed-team wp-image-60239\" alt=\"\" title=\"\">\t\t\t\t\t\t\t\t\t\t\t<figcaption class=\"widget-image-caption wp-caption-text\">Harun Tuncelli - Medical Director<\/figcaption>\n\t\t\t\t\t\t\t\t\t\t<\/figure>\n\t\t\t\t\t\t\t\t\t<\/div>\n\t\t\t\t<\/div>\n\t\t\t\t<div class=\"elementor-element elementor-element-621f332 elementor-widget elementor-widget-image\" data-id=\"621f332\" data-element_type=\"widget\" data-e-type=\"widget\" data-widget_type=\"image.default\">\n\t\t\t\t<div class=\"elementor-widget-container\">\n\t\t\t\t\t\t\t\t\t\t\t\t<figure class=\"wp-caption\">\n\t\t\t\t\t\t\t\t\t\t<img decoding=\"async\" width=\"365\" height=\"500\" src=\"https:\/\/revitalizeinturkey.com\/wp-content\/uploads\/2026\/03\/8-365x500.png\" class=\"attachment-ellemed-team size-ellemed-team wp-image-60247\" alt=\"\" title=\"\">\t\t\t\t\t\t\t\t\t\t\t<figcaption class=\"widget-image-caption wp-caption-text\">Turan Tuncelli - Medical Director<\/figcaption>\n\t\t\t\t\t\t\t\t\t\t<\/figure>\n\t\t\t\t\t\t\t\t\t<\/div>\n\t\t\t\t<\/div>\n\t\t\t\t<div class=\"elementor-element elementor-element-7fc814f elementor-widget elementor-widget-image\" data-id=\"7fc814f\" data-element_type=\"widget\" data-e-type=\"widget\" data-widget_type=\"image.default\">\n\t\t\t\t<div class=\"elementor-widget-container\">\n\t\t\t\t\t\t\t\t\t\t\t\t<figure class=\"wp-caption\">\n\t\t\t\t\t\t\t\t\t\t<img decoding=\"async\" width=\"365\" height=\"500\" src=\"https:\/\/revitalizeinturkey.com\/wp-content\/uploads\/2026\/03\/7-365x500.png\" class=\"attachment-ellemed-team size-ellemed-team wp-image-60254\" alt=\"\" title=\"\">\t\t\t\t\t\t\t\t\t\t\t<figcaption class=\"widget-image-caption wp-caption-text\">Mehtap Tuncelli - Medical Director<\/figcaption>\n\t\t\t\t\t\t\t\t\t\t<\/figure>\n\t\t\t\t\t\t\t\t\t<\/div>\n\t\t\t\t<\/div>\n\t\t\t\t<div class=\"elementor-element elementor-element-ed09c45 elementor-widget elementor-widget-image\" data-id=\"ed09c45\" data-element_type=\"widget\" data-e-type=\"widget\" data-widget_type=\"image.default\">\n\t\t\t\t<div class=\"elementor-widget-container\">\n\t\t\t\t\t\t\t\t\t\t\t\t<figure class=\"wp-caption\">\n\t\t\t\t\t\t\t\t\t\t<img loading=\"lazy\" decoding=\"async\" width=\"365\" height=\"500\" src=\"https:\/\/revitalizeinturkey.com\/wp-content\/uploads\/2026\/03\/5-365x500.png\" class=\"attachment-ellemed-team size-ellemed-team wp-image-60252\" alt=\"\" title=\"\">\t\t\t\t\t\t\t\t\t\t\t<figcaption class=\"widget-image-caption wp-caption-text\">Teona Mgeladze - Mandarin Manager<\/figcaption>\n\t\t\t\t\t\t\t\t\t\t<\/figure>\n\t\t\t\t\t\t\t\t\t<\/div>\n\t\t\t\t<\/div>\n\t\t\t\t<div class=\"elementor-element elementor-element-4626781 elementor-widget elementor-widget-image\" data-id=\"4626781\" data-element_type=\"widget\" data-e-type=\"widget\" data-widget_type=\"image.default\">\n\t\t\t\t<div class=\"elementor-widget-container\">\n\t\t\t\t\t\t\t\t\t\t\t\t<figure class=\"wp-caption\">\n\t\t\t\t\t\t\t\t\t\t<img loading=\"lazy\" decoding=\"async\" width=\"365\" height=\"500\" src=\"https:\/\/revitalizeinturkey.com\/wp-content\/uploads\/2026\/03\/6-365x500.png\" class=\"attachment-ellemed-team size-ellemed-team wp-image-60253\" alt=\"\" title=\"\">\t\t\t\t\t\t\t\t\t\t\t<figcaption class=\"widget-image-caption wp-caption-text\">Lali Dgebuadze - Patient Assistant<\/figcaption>\n\t\t\t\t\t\t\t\t\t\t<\/figure>\n\t\t\t\t\t\t\t\t\t<\/div>\n\t\t\t\t<\/div>\n\t\t\t\t<div class=\"elementor-element elementor-element-22d8c93 elementor-widget elementor-widget-image\" data-id=\"22d8c93\" data-element_type=\"widget\" data-e-type=\"widget\" data-widget_type=\"image.default\">\n\t\t\t\t<div class=\"elementor-widget-container\">\n\t\t\t\t\t\t\t\t\t\t\t\t<figure class=\"wp-caption\">\n\t\t\t\t\t\t\t\t\t\t<img loading=\"lazy\" decoding=\"async\" width=\"365\" height=\"500\" src=\"https:\/\/revitalizeinturkey.com\/wp-content\/uploads\/2026\/03\/2-365x500.png\" class=\"attachment-ellemed-team size-ellemed-team wp-image-60249\" alt=\"\" title=\"\">\t\t\t\t\t\t\t\t\t\t\t<figcaption class=\"widget-image-caption wp-caption-text\">Emre Y\u0131ld\u0131r\u0131m - Office Coordinator<\/figcaption>\n\t\t\t\t\t\t\t\t\t\t<\/figure>\n\t\t\t\t\t\t\t\t\t<\/div>\n\t\t\t\t<\/div>\n\t\t\t\t<div class=\"elementor-element elementor-element-25d9109 elementor-widget elementor-widget-image\" data-id=\"25d9109\" data-element_type=\"widget\" data-e-type=\"widget\" data-widget_type=\"image.default\">\n\t\t\t\t<div class=\"elementor-widget-container\">\n\t\t\t\t\t\t\t\t\t\t\t\t<figure class=\"wp-caption\">\n\t\t\t\t\t\t\t\t\t\t<img loading=\"lazy\" decoding=\"async\" width=\"365\" height=\"500\" src=\"https:\/\/revitalizeinturkey.com\/wp-content\/uploads\/2026\/03\/4-365x500.png\" class=\"attachment-ellemed-team size-ellemed-team wp-image-60251\" alt=\"\" title=\"\">\t\t\t\t\t\t\t\t\t\t\t<figcaption class=\"widget-image-caption wp-caption-text\">Simge Dogarca - Sales and Marketing<\/figcaption>\n\t\t\t\t\t\t\t\t\t\t<\/figure>\n\t\t\t\t\t\t\t\t\t<\/div>\n\t\t\t\t<\/div>\n\t\t\t\t<div class=\"elementor-element elementor-element-1e6846a elementor-widget elementor-widget-image\" data-id=\"1e6846a\" data-element_type=\"widget\" data-e-type=\"widget\" data-widget_type=\"image.default\">\n\t\t\t\t<div class=\"elementor-widget-container\">\n\t\t\t\t\t\t\t\t\t\t\t\t<figure class=\"wp-caption\">\n\t\t\t\t\t\t\t\t\t\t<img loading=\"lazy\" decoding=\"async\" width=\"365\" height=\"500\" src=\"https:\/\/revitalizeinturkey.com\/wp-content\/uploads\/2026\/03\/1-365x500.png\" class=\"attachment-ellemed-team size-ellemed-team wp-image-60248\" alt=\"\" title=\"\">\t\t\t\t\t\t\t\t\t\t\t<figcaption class=\"widget-image-caption wp-caption-text\">Aybige Kizilkaya - Patient Relations<\/figcaption>\n\t\t\t\t\t\t\t\t\t\t<\/figure>\n\t\t\t\t\t\t\t\t\t<\/div>\n\t\t\t\t<\/div>\n\t\t\t\t<div class=\"elementor-element elementor-element-2b6b0eb elementor-widget elementor-widget-image\" data-id=\"2b6b0eb\" data-element_type=\"widget\" data-e-type=\"widget\" data-widget_type=\"image.default\">\n\t\t\t\t<div class=\"elementor-widget-container\">\n\t\t\t\t\t\t\t\t\t\t\t\t<figure class=\"wp-caption\">\n\t\t\t\t\t\t\t\t\t\t<img loading=\"lazy\" decoding=\"async\" width=\"365\" height=\"500\" src=\"https:\/\/revitalizeinturkey.com\/wp-content\/uploads\/2026\/03\/3-365x500.png\" class=\"attachment-ellemed-team size-ellemed-team wp-image-60250\" alt=\"\" title=\"\">\t\t\t\t\t\t\t\t\t\t\t<figcaption class=\"widget-image-caption wp-caption-text\">Aybike Kocapinar - Sales and Marketing<\/figcaption>\n\t\t\t\t\t\t\t\t\t\t<\/figure>\n\t\t\t\t\t\t\t\t\t<\/div>\n\t\t\t\t<\/div>\n\t\t\t\t\t<\/div>\n\t\t\t\t<\/div>\n\t\t\t\t<\/div>\n\t\t<div class=\"sharing-default-minimal post-bottom\"><div class=\"nectar-social default\" data-position=\"\" data-rm-love=\"0\" data-color-override=\"override\"><div class=\"nectar-social-inner\"><a href=\"#\" class=\"nectar-love\" id=\"nectar-love-60214\" title=\"Love this\"> <i class=\"icon-salient-heart-2\"><\/i><span class=\"love-text\">Love<\/span><span class=\"total_loves\"><span class=\"nectar-love-count\">0<\/span><\/span><\/a><a class='facebook-share nectar-sharing' href='#' title='Share this'> <i class='fa fa-facebook'><\/i> <span class='social-text'>Share<\/span> <\/a><a class='twitter-share nectar-sharing' href='#' title='Share this'> <i class='fa icon-salient-x-twitter'><\/i> <span class='social-text'>Share<\/span> <\/a><a class='linkedin-share nectar-sharing' href='#' title='Share this'> <i class='fa fa-linkedin'><\/i> <span class='social-text'>Share<\/span> <\/a><a class='pinterest-share nectar-sharing' href='#' title='Pin this'> <i class='fa fa-pinterest'><\/i> <span class='social-text'>Pin<\/span> <\/a><\/div><\/div><\/div>","protected":false},"excerpt":{"rendered":"<p>Harun Tuncelli &#8211; Medical Director Turan Tuncelli &#8211; Medical Director Mehtap Tuncelli &#8211; Medical Director Teona Mgeladze &#8211; Mandarin Manager Lali Dgebuadze &#8211; Patient Assistant Emre Y\u0131ld\u0131r\u0131m &#8211; Office Coordinator Simge Dogarca &#8211; Sales and Marketing Aybige Kizilkaya &#8211; Patient Relations Aybike Kocapinar &#8211; Sales and Marketing Love0 Share Share Share Pin<\/p>","protected":false},"author":1,"featured_media":0,"parent":0,"menu_order":0,"comment_status":"closed","ping_status":"closed","template":"","meta":{"_angie_page":false,"footnotes":""},"class_list":["post-60214","page","type-page","status-publish","hentry"],"_hostinger_reach_plugin_has_subscription_block":false,"_hostinger_reach_plugin_is_elementor":false,"_links":{"self":[{"href":"https:\/\/revitalizeinturkey.com\/zh\/wp-json\/wp\/v2\/pages\/60214","targetHints":{"allow":["GET"]}}],"collection":[{"href":"https:\/\/revitalizeinturkey.com\/zh\/wp-json\/wp\/v2\/pages"}],"about":[{"href":"https:\/\/revitalizeinturkey.com\/zh\/wp-json\/wp\/v2\/types\/page"}],"author":[{"embeddable":true,"href":"https:\/\/revitalizeinturkey.com\/zh\/wp-json\/wp\/v2\/users\/1"}],"replies":[{"embeddable":true,"href":"https:\/\/revitalizeinturkey.com\/zh\/wp-json\/wp\/v2\/comments?post=60214"}],"version-history":[{"count":16,"href":"https:\/\/revitalizeinturkey.com\/zh\/wp-json\/wp\/v2\/pages\/60214\/revisions"}],"predecessor-version":[{"id":60262,"href":"https:\/\/revitalizeinturkey.com\/zh\/wp-json\/wp\/v2\/pages\/60214\/revisions\/60262"}],"wp:attachment":[{"href":"https:\/\/revitalizeinturkey.com\/zh\/wp-json\/wp\/v2\/media?parent=60214"}],"curies":[{"name":"wp","href":"https:\/\/api.w.org\/{rel}","templated":true}]}}