{"id":1373,"date":"2024-03-29T12:19:44","date_gmt":"2024-03-29T09:19:44","guid":{"rendered":"https:\/\/www.revitalizeinturkey.com\/\/?page_id=1373"},"modified":"2026-04-14T11:02:16","modified_gmt":"2026-04-14T11:02:16","slug":"full-mouth-dental-makeover","status":"publish","type":"page","link":"https:\/\/revitalizeinturkey.com\/sv\/full-mouth-dental-makeover\/","title":{"rendered":"Tandv\u00e5rd f\u00f6r hela munnen"},"content":{"rendered":"<div id=\"fws_69de756a70f09\"  data-column-margin=\"default\" data-midnight=\"dark\" data-top-percent=\"10%\" data-bottom-percent=\"10%\"  class=\"wpb_row vc_row-fluid vc_row full-width-section\"  style=\"padding-top: calc(100vw * 0.10); padding-bottom: calc(100vw * 0.10); \"><div class=\"row-bg-wrap\" data-bg-animation=\"none\" data-bg-animation-delay=\"\" data-bg-overlay=\"true\"><div class=\"inner-wrap row-bg-layer using-image\" ><div class=\"row-bg viewport-desktop using-image\"  style=\"background-image: url(https:\/\/revitalizeinturkey.com\/wp-content\/uploads\/2024\/03\/Full-Mouth-Dental-Makeover-slider.jpg); background-position: center top; background-repeat: no-repeat; \"><\/div><\/div><div class=\"row-bg-overlay row-bg-layer\" style=\"background-color:#000000;  opacity: 0.3; \"><\/div><\/div><div class=\"row_col_wrap_12 col span_12 dark left\">\n\t<div  class=\"vc_col-sm-12 wpb_column column_container vc_column_container col no-extra-padding\"  data-padding-pos=\"all\" data-has-bg-color=\"false\" data-bg-color=\"\" data-bg-opacity=\"1\" data-animation=\"\" data-delay=\"0\" >\n\t\t<div class=\"vc_column-inner\" >\n\t\t\t<div class=\"wpb_wrapper\">\n\t\t\t\t<h1 style=\"font-size: 50px;color: #ffffff;text-align: center\" class=\"vc_custom_heading vc_do_custom_heading\" >FULL MOUTH DENTAL MAKEOVER<\/h1>\n\t\t\t<\/div> \n\t\t<\/div>\n\t<\/div> \n<\/div><\/div>\n\t\t<div id=\"fws_69de756a7134d\"  data-column-margin=\"default\" data-midnight=\"dark\"  class=\"wpb_row vc_row-fluid vc_row\"  style=\"padding-top: 0px; padding-bottom: 0px; \"><div class=\"row-bg-wrap\" data-bg-animation=\"none\" data-bg-animation-delay=\"\" data-bg-overlay=\"false\"><div class=\"inner-wrap row-bg-layer\" ><div class=\"row-bg viewport-desktop\"  style=\"\"><\/div><\/div><\/div><div class=\"row_col_wrap_12 col span_12 dark left\">\n\t<div  class=\"vc_col-sm-12 wpb_column column_container vc_column_container col no-extra-padding\"  data-padding-pos=\"all\" data-has-bg-color=\"false\" data-bg-color=\"\" data-bg-opacity=\"1\" data-animation=\"\" data-delay=\"0\" >\n\t\t<div class=\"vc_column-inner\" >\n\t\t\t<div class=\"wpb_wrapper\">\n\t\t\t\t\n<div class=\"wpb_text_column wpb_content_element\" >\n\t<h1 data-start=\"42\" data-end=\"80\">Full Mouth Dental Makeover in Turkey<\/h1>\n<p data-start=\"82\" data-end=\"719\"><strong data-start=\"82\" data-end=\"112\">Tandv\u00e5rd f\u00f6r hela munnen<\/strong> is a comprehensive dental treatment approach designed to restore the <strong data-start=\"182\" data-end=\"238\">function, health, and aesthetics of the entire mouth<\/strong>. It is planned for individuals with multiple dental concerns affecting teeth, gums, bite alignment, and overall oral health. Rather than addressing problems one by one, a full mouth dental makeover treats the mouth as a complete system, ensuring long-term stability and harmonious results. In Turkey, full mouth dental makeovers are carried out by experienced dental teams using modern diagnostic tools and evidence-based treatment protocols in internationally accredited clinics.<\/p>\n<p data-start=\"721\" data-end=\"1031\">This article provides a detailed, educational overview of full mouth dental makeover treatment in Turkey, including what it involves, who it is suitable for, treatment stages, recovery considerations, potential risks, and why many international patients consider Turkey for comprehensive dental rehabilitation.<\/p>\n<hr data-start=\"1033\" data-end=\"1036\" \/>\n<h2 data-start=\"1038\" data-end=\"1078\">What Is a Full Mouth Dental Makeover?<\/h2>\n<p data-start=\"1080\" data-end=\"1442\">A full mouth dental makeover (also referred to as full mouth rehabilitation or reconstruction) is a <strong data-start=\"1180\" data-end=\"1209\">customised treatment plan<\/strong> that combines multiple dental procedures to restore damaged, missing, worn, or misaligned teeth. The goal is to improve not only the appearance of the smile but also chewing function, bite balance, speech, and long-term oral health.<\/p>\n<p data-start=\"1444\" data-end=\"1559\">Each full mouth makeover is individually planned based on clinical findings, functional needs, and aesthetic goals.<\/p>\n<hr data-start=\"1561\" data-end=\"1564\" \/>\n<h2 data-start=\"1566\" data-end=\"1619\">Dental Problems Addressed by a Full Mouth Makeover<\/h2>\n<p data-start=\"1621\" data-end=\"1687\">A full mouth dental makeover may be recommended for patients with:<\/p>\n<ul data-start=\"1689\" data-end=\"1920\">\n<li data-start=\"1689\" data-end=\"1715\">\n<p data-start=\"1691\" data-end=\"1715\">Multiple missing teeth<\/p>\n<\/li>\n<li data-start=\"1716\" data-end=\"1759\">\n<p data-start=\"1718\" data-end=\"1759\">Severely worn, broken, or cracked teeth<\/p>\n<\/li>\n<li data-start=\"1760\" data-end=\"1802\">\n<p data-start=\"1762\" data-end=\"1802\">Extensive decay or failed restorations<\/p>\n<\/li>\n<li data-start=\"1803\" data-end=\"1844\">\n<p data-start=\"1805\" data-end=\"1844\">Gum disease affecting tooth stability<\/p>\n<\/li>\n<li data-start=\"1845\" data-end=\"1877\">\n<p data-start=\"1847\" data-end=\"1877\">Bite problems (malocclusion)<\/p>\n<\/li>\n<li data-start=\"1878\" data-end=\"1920\">\n<p data-start=\"1880\" data-end=\"1920\">Long-standing dental neglect or trauma<\/p>\n<\/li>\n<\/ul>\n<p data-start=\"1922\" data-end=\"2008\">Treating these issues together helps prevent ongoing deterioration and uneven results.<\/p>\n<hr data-start=\"2010\" data-end=\"2013\" \/>\n<h2 data-start=\"2015\" data-end=\"2046\">Who Is a Suitable Candidate?<\/h2>\n<p data-start=\"2048\" data-end=\"2134\">Not every patient requires full mouth rehabilitation; careful assessment is essential.<\/p>\n<h3 data-start=\"2136\" data-end=\"2169\">Generally Suitable Candidates<\/h3>\n<ul data-start=\"2170\" data-end=\"2363\">\n<li data-start=\"2170\" data-end=\"2228\">\n<p data-start=\"2172\" data-end=\"2228\">Individuals with complex or widespread dental problems<\/p>\n<\/li>\n<li data-start=\"2229\" data-end=\"2286\">\n<p data-start=\"2231\" data-end=\"2286\">Patients seeking functional and aesthetic improvement<\/p>\n<\/li>\n<li data-start=\"2287\" data-end=\"2310\">\n<p data-start=\"2289\" data-end=\"2310\">Good general health<\/p>\n<\/li>\n<li data-start=\"2311\" data-end=\"2363\">\n<p data-start=\"2313\" data-end=\"2363\">Willingness to commit to staged dental treatment<\/p>\n<\/li>\n<\/ul>\n<h3 data-start=\"2365\" data-end=\"2418\">When a Full Mouth Makeover May Not Be Recommended<\/h3>\n<ul data-start=\"2419\" data-end=\"2600\">\n<li data-start=\"2419\" data-end=\"2478\">\n<p data-start=\"2421\" data-end=\"2478\">Untreated systemic medical conditions affecting healing<\/p>\n<\/li>\n<li data-start=\"2479\" data-end=\"2539\">\n<p data-start=\"2481\" data-end=\"2539\">Active, uncontrolled gum disease without prior treatment<\/p>\n<\/li>\n<li data-start=\"2540\" data-end=\"2600\">\n<p data-start=\"2542\" data-end=\"2600\">Unrealistic expectations regarding timelines or outcomes<\/p>\n<\/li>\n<\/ul>\n<p data-start=\"2602\" data-end=\"2674\">A comprehensive consultation determines suitability and treatment scope.<\/p>\n<hr data-start=\"2676\" data-end=\"2679\" \/>\n<h2 data-start=\"2681\" data-end=\"2718\">Pre-Treatment Assessment in Turkey<\/h2>\n<p data-start=\"2720\" data-end=\"2787\">Before starting treatment, a detailed diagnostic phase is required.<\/p>\n<h3 data-start=\"2789\" data-end=\"2822\">Assessment Typically Includes<\/h3>\n<ul data-start=\"2823\" data-end=\"3000\">\n<li data-start=\"2823\" data-end=\"2850\">\n<p data-start=\"2825\" data-end=\"2850\">Full dental examination<\/p>\n<\/li>\n<li data-start=\"2851\" data-end=\"2885\">\n<p data-start=\"2853\" data-end=\"2885\">Digital X-rays and\/or CT scans<\/p>\n<\/li>\n<li data-start=\"2886\" data-end=\"2932\">\n<p data-start=\"2888\" data-end=\"2932\">Bite analysis and jaw alignment assessment<\/p>\n<\/li>\n<li data-start=\"2933\" data-end=\"2958\">\n<p data-start=\"2935\" data-end=\"2958\">Gum health evaluation<\/p>\n<\/li>\n<li data-start=\"2959\" data-end=\"3000\">\n<p data-start=\"2961\" data-end=\"3000\">Smile analysis and treatment planning<\/p>\n<\/li>\n<\/ul>\n<p data-start=\"3002\" data-end=\"3156\">International patients often begin with online consultation before travelling to <span class=\"hover:entity-accent entity-underline inline cursor-pointer align-baseline\"><span class=\"whitespace-normal\">Turkiet<\/span><\/span>, followed by in-person diagnostics.<\/p>\n<hr data-start=\"3158\" data-end=\"3161\" \/>\n<h2 data-start=\"3163\" data-end=\"3226\">Treatments Commonly Included in a Full Mouth Dental Makeover<\/h2>\n<p data-start=\"3228\" data-end=\"3309\">A full mouth dental makeover may include one or more of the following procedures.<\/p>\n<hr data-start=\"3311\" data-end=\"3314\" \/>\n<h2 data-start=\"3316\" data-end=\"3334\">Dental Implants<\/h2>\n<p data-start=\"3336\" data-end=\"3441\"><a href=\"https:\/\/revitalizeinturkey.com\/sv\/Dental-implants\/\">Dental implants<\/a> are often used to replace missing teeth and provide a stable foundation for restorations.<\/p>\n<h3 data-start=\"3443\" data-end=\"3455\">Benefits<\/h3>\n<ul data-start=\"3456\" data-end=\"3563\">\n<li data-start=\"3456\" data-end=\"3486\">\n<p data-start=\"3458\" data-end=\"3486\">Restore chewing efficiency<\/p>\n<\/li>\n<li data-start=\"3487\" data-end=\"3508\">\n<p data-start=\"3489\" data-end=\"3508\">Prevent bone loss<\/p>\n<\/li>\n<li data-start=\"3509\" data-end=\"3563\">\n<p data-start=\"3511\" data-end=\"3563\">Support crowns, bridges, or full-arch restorations<\/p>\n<\/li>\n<\/ul>\n<p data-start=\"3565\" data-end=\"3634\">Implants play a central role in many full mouth rehabilitation cases.<\/p>\n<hr data-start=\"3636\" data-end=\"3639\" \/>\n<h2 data-start=\"3641\" data-end=\"3669\">Dental Crowns and Bridges<\/h2>\n<p data-start=\"3671\" data-end=\"3723\"><a href=\"https:\/\/revitalizeinturkey.com\/sv\/dental-crowns\/\">Crowns<\/a> and bridges restore damaged or missing teeth.<\/p>\n<h3 data-start=\"3725\" data-end=\"3736\">Purpose<\/h3>\n<ul data-start=\"3737\" data-end=\"3821\">\n<li data-start=\"3737\" data-end=\"3763\">\n<p data-start=\"3739\" data-end=\"3763\">Protect weakened teeth<\/p>\n<\/li>\n<li data-start=\"3764\" data-end=\"3794\">\n<p data-start=\"3766\" data-end=\"3794\">Restore shape and function<\/p>\n<\/li>\n<li data-start=\"3795\" data-end=\"3821\">\n<p data-start=\"3797\" data-end=\"3821\">Improve bite alignment<\/p>\n<\/li>\n<\/ul>\n<p data-start=\"3823\" data-end=\"3892\">Materials are selected based on strength, durability, and aesthetics.<\/p>\n<hr data-start=\"3894\" data-end=\"3897\" \/>\n<h2 data-start=\"3899\" data-end=\"3936\">Veneers and Aesthetic Restorations<\/h2>\n<p data-start=\"3938\" data-end=\"3999\"><a href=\"https:\/\/revitalizeinturkey.com\/sv\/veneers\/\">Veneers<\/a> may be used to improve the appearance of front teeth.<\/p>\n<h3 data-start=\"4001\" data-end=\"4023\">Common Indications<\/h3>\n<ul data-start=\"4024\" data-end=\"4096\">\n<li data-start=\"4024\" data-end=\"4042\">\n<p data-start=\"4026\" data-end=\"4042\">Discolouration<\/p>\n<\/li>\n<li data-start=\"4043\" data-end=\"4065\">\n<p data-start=\"4045\" data-end=\"4065\">Minor misalignment<\/p>\n<\/li>\n<li data-start=\"4066\" data-end=\"4096\">\n<p data-start=\"4068\" data-end=\"4096\">Uneven tooth shape or size<\/p>\n<\/li>\n<\/ul>\n<p data-start=\"4098\" data-end=\"4151\">They contribute to a balanced, natural-looking smile.<\/p>\n<hr data-start=\"4153\" data-end=\"4156\" \/>\n<h2 data-start=\"4158\" data-end=\"4175\">Gum Treatments<\/h2>\n<p data-start=\"4177\" data-end=\"4226\"><a href=\"https:\/\/revitalizeinturkey.com\/sv\/periodontal-treatment\/\">Healthy gums<\/a> are essential for long-term success.<\/p>\n<h3 data-start=\"4228\" data-end=\"4260\">Periodontal Care May Include<\/h3>\n<ul data-start=\"4261\" data-end=\"4361\">\n<li data-start=\"4261\" data-end=\"4305\">\n<p data-start=\"4263\" data-end=\"4305\">Deep cleaning (scaling and root planing)<\/p>\n<\/li>\n<li data-start=\"4306\" data-end=\"4324\">\n<p data-start=\"4308\" data-end=\"4324\">Gum contouring<\/p>\n<\/li>\n<li data-start=\"4325\" data-end=\"4361\">\n<p data-start=\"4327\" data-end=\"4361\">Treatment of periodontal disease<\/p>\n<\/li>\n<\/ul>\n<p data-start=\"4363\" data-end=\"4424\">Gum health is addressed before or alongside restorative work.<\/p>\n<hr data-start=\"4426\" data-end=\"4429\" \/>\n<h2 data-start=\"4431\" data-end=\"4477\">Bite Correction and Occlusal Rehabilitation<\/h2>\n<p data-start=\"4479\" data-end=\"4535\"><a href=\"https:\/\/revitalizeinturkey.com\/sv\/orthodontics\/\">Bite alignment<\/a> is critical in full mouth rehabilitation.<\/p>\n<h3 data-start=\"4537\" data-end=\"4568\">Bite Correction May Involve<\/h3>\n<ul data-start=\"4569\" data-end=\"4674\">\n<li data-start=\"4569\" data-end=\"4600\">\n<p data-start=\"4571\" data-end=\"4600\">Adjustments to restorations<\/p>\n<\/li>\n<li data-start=\"4601\" data-end=\"4643\">\n<p data-start=\"4603\" data-end=\"4643\">Orthodontic planning in selected cases<\/p>\n<\/li>\n<li data-start=\"4644\" data-end=\"4674\">\n<p data-start=\"4646\" data-end=\"4674\">Rebalancing chewing forces<\/p>\n<\/li>\n<\/ul>\n<p data-start=\"4676\" data-end=\"4746\">Correct bite alignment helps protect restorations from excessive wear.<\/p>\n<hr data-start=\"4748\" data-end=\"4751\" \/>\n<h2 data-start=\"4753\" data-end=\"4785\">Treatment Stages and Timeline<\/h2>\n<p data-start=\"4787\" data-end=\"4861\">Full mouth dental makeover treatment is typically completed in <strong data-start=\"4850\" data-end=\"4860\">phases<\/strong>.<\/p>\n<h3 data-start=\"4863\" data-end=\"4880\">Common Stages<\/h3>\n<ol data-start=\"4881\" data-end=\"5036\">\n<li data-start=\"4881\" data-end=\"4915\">\n<p data-start=\"4884\" data-end=\"4915\">Diagnostic and planning phase<\/p>\n<\/li>\n<li data-start=\"4916\" data-end=\"4946\">\n<p data-start=\"4919\" data-end=\"4946\">Gum and infection control<\/p>\n<\/li>\n<li data-start=\"4947\" data-end=\"4983\">\n<p data-start=\"4950\" data-end=\"4983\">Implant placement (if required)<\/p>\n<\/li>\n<li data-start=\"4984\" data-end=\"5012\">\n<p data-start=\"4987\" data-end=\"5012\">Healing and integration<\/p>\n<\/li>\n<li data-start=\"5013\" data-end=\"5036\">\n<p data-start=\"5016\" data-end=\"5036\">Final restorations<\/p>\n<\/li>\n<\/ol>\n<p data-start=\"5038\" data-end=\"5118\">The overall timeline varies depending on treatment complexity and healing needs.<\/p>\n<hr data-start=\"5120\" data-end=\"5123\" \/>\n<h2 data-start=\"5125\" data-end=\"5165\">Recovery and Aftercare Considerations<\/h2>\n<p data-start=\"5167\" data-end=\"5211\">Recovery depends on the procedures involved.<\/p>\n<h3 data-start=\"5213\" data-end=\"5244\">General Recovery Guidelines<\/h3>\n<ul data-start=\"5245\" data-end=\"5384\">\n<li data-start=\"5245\" data-end=\"5286\">\n<p data-start=\"5247\" data-end=\"5286\">Mild discomfort after surgical stages<\/p>\n<\/li>\n<li data-start=\"5287\" data-end=\"5320\">\n<p data-start=\"5289\" data-end=\"5320\">Temporary dietary adjustments<\/p>\n<\/li>\n<li data-start=\"5321\" data-end=\"5355\">\n<p data-start=\"5323\" data-end=\"5355\">Good oral hygiene is essential<\/p>\n<\/li>\n<li data-start=\"5356\" data-end=\"5384\">\n<p data-start=\"5358\" data-end=\"5384\">Regular follow-up visits<\/p>\n<\/li>\n<\/ul>\n<p data-start=\"5386\" data-end=\"5454\">Most patients resume normal daily activities quickly between stages.<\/p>\n<hr data-start=\"5456\" data-end=\"5459\" \/>\n<h2 data-start=\"5461\" data-end=\"5496\">Risker och eventuella komplikationer<\/h2>\n<p data-start=\"5498\" data-end=\"5570\">While generally safe, full mouth dental makeovers carry potential risks.<\/p>\n<h3 data-start=\"5572\" data-end=\"5590\">Possible Risks<\/h3>\n<ul data-start=\"5591\" data-end=\"5723\">\n<li data-start=\"5591\" data-end=\"5604\">\n<p data-start=\"5593\" data-end=\"5604\">Infektion<\/p>\n<\/li>\n<li data-start=\"5605\" data-end=\"5631\">\n<p data-start=\"5607\" data-end=\"5631\">Implant failure (rare)<\/p>\n<\/li>\n<li data-start=\"5632\" data-end=\"5649\">\n<p data-start=\"5634\" data-end=\"5649\">Gum recession<\/p>\n<\/li>\n<li data-start=\"5650\" data-end=\"5687\">\n<p data-start=\"5652\" data-end=\"5687\">Bite discomfort during adaptation<\/p>\n<\/li>\n<li data-start=\"5688\" data-end=\"5723\">\n<p data-start=\"5690\" data-end=\"5723\">Need for adjustment or revision<\/p>\n<\/li>\n<\/ul>\n<p data-start=\"5725\" data-end=\"5775\">Careful planning and follow-up reduce these risks.<\/p>\n<hr data-start=\"5777\" data-end=\"5780\" \/>\n<h2 data-start=\"5782\" data-end=\"5805\">Longevity of Results<\/h2>\n<p data-start=\"5807\" data-end=\"5850\">With proper care, results are long-lasting.<\/p>\n<h3 data-start=\"5852\" data-end=\"5883\">Factors Affecting Longevity<\/h3>\n<ul data-start=\"5884\" data-end=\"6010\">\n<li data-start=\"5884\" data-end=\"5907\">\n<p data-start=\"5886\" data-end=\"5907\">Oral hygiene habits<\/p>\n<\/li>\n<li data-start=\"5908\" data-end=\"5936\">\n<p data-start=\"5910\" data-end=\"5936\">Regular dental check-ups<\/p>\n<\/li>\n<li data-start=\"5937\" data-end=\"5977\">\n<p data-start=\"5939\" data-end=\"5977\">Avoidance of excessive biting forces<\/p>\n<\/li>\n<li data-start=\"5978\" data-end=\"6010\">\n<p data-start=\"5980\" data-end=\"6010\">Overall health and lifestyle<\/p>\n<\/li>\n<\/ul>\n<p data-start=\"6012\" data-end=\"6066\">Many restorations are designed to last for many years.<\/p>\n<hr data-start=\"6068\" data-end=\"6071\" \/>\n<h2 data-start=\"6073\" data-end=\"6135\">Why Patients Consider Turkey for Full Mouth Dental Makeover<\/h2>\n<p data-start=\"6137\" data-end=\"6214\">Turkey is a well-established destination for comprehensive dental treatments.<\/p>\n<h3 data-start=\"6216\" data-end=\"6234\">Common Reasons<\/h3>\n<ul data-start=\"6235\" data-end=\"6414\">\n<li data-start=\"6235\" data-end=\"6279\">\n<p data-start=\"6237\" data-end=\"6279\">Experienced dentists and prosthodontists<\/p>\n<\/li>\n<li data-start=\"6280\" data-end=\"6333\">\n<p data-start=\"6282\" data-end=\"6333\">Modern clinics and digital dentistry technologies<\/p>\n<\/li>\n<li data-start=\"6334\" data-end=\"6367\">\n<p data-start=\"6336\" data-end=\"6367\">Integrated treatment planning<\/p>\n<\/li>\n<li data-start=\"6368\" data-end=\"6414\">\n<p data-start=\"6370\" data-end=\"6414\">Structured care for international patients<\/p>\n<\/li>\n<\/ul>\n<p data-start=\"6416\" data-end=\"6581\">Many patients from the UK and Europe consider full mouth dental makeover treatment in <span class=\"hover:entity-accent entity-underline inline cursor-pointer align-baseline\"><span class=\"whitespace-normal\">Turkiet<\/span><\/span> as part of long-term oral rehabilitation.<\/p>\n<hr data-start=\"6583\" data-end=\"6586\" \/>\n<h2 data-start=\"6588\" data-end=\"6623\">Vanliga fr\u00e5gor och svar (FAQ)<\/h2>\n<h3 data-start=\"6625\" data-end=\"6680\">1. How long does a full mouth dental makeover take?<\/h3>\n<p data-start=\"6681\" data-end=\"6749\">Treatment may take several weeks to months, depending on complexity.<\/p>\n<h3 data-start=\"6751\" data-end=\"6783\">2. Is the treatment painful?<\/h3>\n<p data-start=\"6784\" data-end=\"6861\">Discomfort is usually mild and managed with local anaesthesia and medication.<\/p>\n<h3 data-start=\"6863\" data-end=\"6898\">3. Will my bite feel different?<\/h3>\n<p data-start=\"6899\" data-end=\"6962\">Yes, initially. Adaptation occurs as muscles and joints adjust.<\/p>\n<h3 data-start=\"6964\" data-end=\"6993\">4. Are results permanent?<\/h3>\n<p data-start=\"6994\" data-end=\"7052\">Results are long-lasting with proper care and maintenance.<\/p>\n<h3 data-start=\"7054\" data-end=\"7085\">5. Can treatment be staged?<\/h3>\n<p data-start=\"7086\" data-end=\"7138\">Yes. Treatment is often completed in planned phases.<\/p>\n<hr data-start=\"7140\" data-end=\"7143\" \/>\n<h2 data-start=\"7145\" data-end=\"7158\">Slutsats<\/h2>\n<p data-start=\"7160\" data-end=\"7753\">Full mouth dental makeover in Turkey is a comprehensive solution for individuals with complex dental needs affecting both function and aesthetics. By addressing teeth, gums, bite alignment, and missing structures together, this approach restores oral health in a structured and sustainable way. Understanding treatment stages, recovery expectations, and long-term care requirements allows patients to make informed decisions. When carefully planned and executed by experienced dental teams, a full mouth dental makeover can significantly improve comfort, confidence, and overall oral function.<\/p>\n<hr data-start=\"7755\" data-end=\"7758\" \/>\n<p data-start=\"7760\" data-end=\"8000\" data-is-last-node=\"\" data-is-only-node=\"\"><strong data-start=\"7760\" data-end=\"7783\">Medicinsk ansvarsfriskrivning:<\/strong> Informationen i denna artikel \u00e4r endast avsedd som allm\u00e4n information och ska inte betraktas som medicinsk r\u00e5dgivning. R\u00e5dg\u00f6r alltid med kvalificerad sjukv\u00e5rdspersonal innan du fattar n\u00e5gra medicinska beslut.<\/p>\n<\/div>\n\n\n\n\n\t\t\t<\/div> \n\t\t<\/div>\n\t<\/div> \n<\/div><\/div>\n\t\t<div id=\"fws_69de756a723a9\"  data-column-margin=\"default\" data-midnight=\"dark\"  class=\"wpb_row vc_row-fluid vc_row\"  style=\"padding-top: 0px; padding-bottom: 0px; \"><div class=\"row-bg-wrap\" data-bg-animation=\"none\" data-bg-animation-delay=\"\" data-bg-overlay=\"false\"><div class=\"inner-wrap row-bg-layer\" ><div class=\"row-bg viewport-desktop\"  style=\"\"><\/div><\/div><\/div><div class=\"row_col_wrap_12 col span_12 dark left\">\n\t<div  class=\"vc_col-sm-12 wpb_column column_container vc_column_container col no-extra-padding\"  data-padding-pos=\"all\" data-has-bg-color=\"false\" data-bg-color=\"\" data-bg-opacity=\"1\" data-animation=\"\" data-delay=\"0\" >\n\t\t<div class=\"vc_column-inner\" >\n\t\t\t<div class=\"wpb_wrapper\">\n\t\t\t\t<div class=\"img-with-aniamtion-wrap\" data-max-width=\"100%\" data-max-width-mobile=\"default\" data-shadow=\"none\" data-animation=\"none\" >\n      <div class=\"inner\">\n        <div class=\"hover-wrap\"> \n          <div class=\"hover-wrap-inner\">\n            <img fetchpriority=\"high\" decoding=\"async\" class=\"img-with-animation skip-lazy\" data-delay=\"0\" height=\"622\" width=\"940\" data-animation=\"none\" src=\"https:\/\/revitalizeinturkey.com\/wp-content\/uploads\/2026\/02\/Ekran-goruntusu-2026-02-10-132902.png\" alt=\"full mouth dental makeover\" srcset=\"https:\/\/revitalizeinturkey.com\/wp-content\/uploads\/2026\/02\/Ekran-goruntusu-2026-02-10-132902.png 940w, https:\/\/revitalizeinturkey.com\/wp-content\/uploads\/2026\/02\/Ekran-goruntusu-2026-02-10-132902-300x199.png 300w, https:\/\/revitalizeinturkey.com\/wp-content\/uploads\/2026\/02\/Ekran-goruntusu-2026-02-10-132902-768x508.png 768w, https:\/\/revitalizeinturkey.com\/wp-content\/uploads\/2026\/02\/Ekran-goruntusu-2026-02-10-132902-500x331.png 500w, https:\/\/revitalizeinturkey.com\/wp-content\/uploads\/2026\/02\/Ekran-goruntusu-2026-02-10-132902-100x66.png 100w, https:\/\/revitalizeinturkey.com\/wp-content\/uploads\/2026\/02\/Ekran-goruntusu-2026-02-10-132902-755x500.png 755w, https:\/\/revitalizeinturkey.com\/wp-content\/uploads\/2026\/02\/Ekran-goruntusu-2026-02-10-132902-480x318.png 480w, https:\/\/revitalizeinturkey.com\/wp-content\/uploads\/2026\/02\/Ekran-goruntusu-2026-02-10-132902-600x397.png 600w\" sizes=\"(max-width: 940px) 100vw, 940px\" title=\"\">\n          <\/div>\n        <\/div>\n        \n      <\/div>\n    <\/div>\n\t\t\t<\/div> \n\t\t<\/div>\n\t<\/div> \n<\/div><\/div>\n<div class=\"sharing-default-minimal post-bottom\"><div class=\"nectar-social default\" data-position=\"\" data-rm-love=\"0\" data-color-override=\"override\"><div class=\"nectar-social-inner\"><a href=\"#\" class=\"nectar-love\" id=\"nectar-love-1373\" title=\"Love this\"> <i class=\"icon-salient-heart-2\"><\/i><span class=\"love-text\">Love<\/span><span class=\"total_loves\"><span class=\"nectar-love-count\">0<\/span><\/span><\/a><a class='facebook-share nectar-sharing' href='#' title='Share this'> <i class='fa fa-facebook'><\/i> <span class='social-text'>Share<\/span> <\/a><a class='twitter-share nectar-sharing' href='#' title='Share this'> <i class='fa icon-salient-x-twitter'><\/i> <span class='social-text'>Share<\/span> <\/a><a class='linkedin-share nectar-sharing' href='#' title='Share this'> <i class='fa fa-linkedin'><\/i> <span class='social-text'>Share<\/span> <\/a><a class='pinterest-share nectar-sharing' href='#' title='Pin this'> <i class='fa fa-pinterest'><\/i> <span class='social-text'>Pin<\/span> <\/a><\/div><\/div><\/div>","protected":false},"excerpt":{"rendered":"<p>Love0 Share Share Share Pin<\/p>","protected":false},"author":1,"featured_media":0,"parent":0,"menu_order":0,"comment_status":"closed","ping_status":"closed","template":"","meta":{"_angie_page":false,"footnotes":""},"class_list":["post-1373","page","type-page","status-publish","hentry"],"_links":{"self":[{"href":"https:\/\/revitalizeinturkey.com\/sv\/wp-json\/wp\/v2\/pages\/1373","targetHints":{"allow":["GET"]}}],"collection":[{"href":"https:\/\/revitalizeinturkey.com\/sv\/wp-json\/wp\/v2\/pages"}],"about":[{"href":"https:\/\/revitalizeinturkey.com\/sv\/wp-json\/wp\/v2\/types\/page"}],"author":[{"embeddable":true,"href":"https:\/\/revitalizeinturkey.com\/sv\/wp-json\/wp\/v2\/users\/1"}],"replies":[{"embeddable":true,"href":"https:\/\/revitalizeinturkey.com\/sv\/wp-json\/wp\/v2\/comments?post=1373"}],"version-history":[{"count":1,"href":"https:\/\/revitalizeinturkey.com\/sv\/wp-json\/wp\/v2\/pages\/1373\/revisions"}],"predecessor-version":[{"id":62078,"href":"https:\/\/revitalizeinturkey.com\/sv\/wp-json\/wp\/v2\/pages\/1373\/revisions\/62078"}],"wp:attachment":[{"href":"https:\/\/revitalizeinturkey.com\/sv\/wp-json\/wp\/v2\/media?parent=1373"}],"curies":[{"name":"wp","href":"https:\/\/api.w.org\/{rel}","templated":true}]}}