{"id":895,"date":"2024-03-28T11:43:56","date_gmt":"2024-03-28T08:43:56","guid":{"rendered":"https:\/\/www.revitalizeinturkey.com\/\/?page_id=895"},"modified":"2026-04-01T13:23:05","modified_gmt":"2026-04-01T13:23:05","slug":"doctors","status":"publish","type":"page","link":"https:\/\/revitalizeinturkey.com\/nl\/doctors\/","title":{"rendered":"Doctors"},"content":{"rendered":"<div data-elementor-type=\"wp-page\" data-elementor-id=\"895\" class=\"elementor elementor-895\" data-elementor-post-type=\"page\">\n\t\t\t\t<div class=\"elementor-element elementor-element-535fe55 e-flex e-con-boxed e-con e-parent\" data-id=\"535fe55\" data-element_type=\"container\" data-e-type=\"container\">\n\t\t\t\t\t<div class=\"e-con-inner\">\n\t\t\t\t<div class=\"elementor-element elementor-element-72a54b3 elementor-widget elementor-widget-lte-team\" data-id=\"72a54b3\" data-element_type=\"widget\" data-e-type=\"widget\" data-widget_type=\"lte-team.default\">\n\t\t\t\t<div class=\"elementor-widget-container\">\n\t\t\t\t\t<div class=\"lte-team-list-wrapper\"><div class=\"lte-team-list lte-team-static lte-team-layout-default\"><div class=\"row\"><div class=\"lte-item col-xl-3 col-lg-3 col-md-3 col-sm-4 col-ms-4 col-xs-12\"><div class=\"lte-team-item\">\n\t<a class=\"lte-image\"  href=\"https:\/\/revitalizeinturkey.com\/nl\/team\/dr-cenk-tokat\/\">\n        <img fetchpriority=\"high\" decoding=\"async\" width=\"365\" height=\"500\" src=\"https:\/\/revitalizeinturkey.com\/wp-content\/uploads\/2026\/04\/13-365x500.png\" class=\"attachment-ellemed-team size-ellemed-team\" alt=\"\" title=\"\">  \t\t\t\n\t<\/a>\n\t<div class=\"lte-social-wrapper\"><span class=\"lte-social-icon\"><\/span><ul class=\"lte-social\"><\/ul><\/div>\t<div class=\"lte-descr\">\n\t<a  href=\"\/nl\/<\/?php echo esc_url( get_the_permalink() ); ?>\"><h4 class=\"lte-header\">Dr. Cenk Tokat<\/h4><\/a><p class=\"lte-subheader\"><span>Aesthetic and Reconstructive Surgeon<\/span><\/p>\t<\/div>\n<\/div>\n<\/div><div class=\"lte-item col-xl-3 col-lg-3 col-md-3 col-sm-4 col-ms-4 col-xs-12\"><div class=\"lte-team-item\">\n\t<a class=\"lte-image\"  href=\"https:\/\/revitalizeinturkey.com\/nl\/team\/prof-dr-ahmet-seyhan\/\">\n        <img decoding=\"async\" width=\"365\" height=\"500\" src=\"https:\/\/revitalizeinturkey.com\/wp-content\/uploads\/2026\/04\/14-365x500.png\" class=\"attachment-ellemed-team size-ellemed-team\" alt=\"\" title=\"\">  \t\t\t\n\t<\/a>\n\t<div class=\"lte-social-wrapper\"><span class=\"lte-social-icon\"><\/span><ul class=\"lte-social\"><\/ul><\/div>\t<div class=\"lte-descr\">\n\t<a  href=\"\/nl\/<\/?php echo esc_url( get_the_permalink() ); ?>\"><h4 class=\"lte-header\">Prof. Dr. Ahmet Seyhan<\/h4><\/a><p class=\"lte-subheader\"><span>Aesthetic and Reconstructive Surgeon<\/span><\/p>\t<\/div>\n<\/div>\n<\/div><div class=\"lte-item col-xl-3 col-lg-3 col-md-3 col-sm-4 col-ms-4 col-xs-12\"><div class=\"lte-team-item\">\n\t<a class=\"lte-image\"  href=\"https:\/\/revitalizeinturkey.com\/nl\/team\/dr-murat-melih-can\/\">\n        <img decoding=\"async\" width=\"365\" height=\"500\" src=\"https:\/\/revitalizeinturkey.com\/wp-content\/uploads\/2026\/04\/15-365x500.png\" class=\"attachment-ellemed-team size-ellemed-team\" alt=\"\" title=\"\">  \t\t\t\n\t<\/a>\n\t<div class=\"lte-social-wrapper\"><span class=\"lte-social-icon\"><\/span><ul class=\"lte-social\"><\/ul><\/div>\t<div class=\"lte-descr\">\n\t<a  href=\"\/nl\/<\/?php echo esc_url( get_the_permalink() ); ?>\"><h4 class=\"lte-header\">Dr. Murat Melih Can<\/h4><\/a><p class=\"lte-subheader\"><span>Aesthetic and Reconstructive Surgeon<\/span><\/p>\t<\/div>\n<\/div>\n<\/div><div class=\"lte-item col-xl-3 col-lg-3 col-md-3 col-sm-4 col-ms-4 col-xs-12\"><div class=\"lte-team-item\">\n\t<a class=\"lte-image\"  href=\"https:\/\/revitalizeinturkey.com\/nl\/team\/dt-baris-ozgur\/\">\n        <img loading=\"lazy\" decoding=\"async\" width=\"365\" height=\"500\" src=\"https:\/\/revitalizeinturkey.com\/wp-content\/uploads\/2026\/04\/Untitled-design-2026-04-01T144154.947-365x500.png\" class=\"attachment-ellemed-team size-ellemed-team\" alt=\"\" title=\"\">  \t\t\t\n\t<\/a>\n\t<div class=\"lte-social-wrapper\"><span class=\"lte-social-icon\"><\/span><ul class=\"lte-social\"><\/ul><\/div>\t<div class=\"lte-descr\">\n\t<a  href=\"\/nl\/<\/?php echo esc_url( get_the_permalink() ); ?>\"><h4 class=\"lte-header\">Dt. Bar\u0131\u015f \u00d6zg\u00fcr<\/h4><\/a><p class=\"lte-subheader\"><span>Dentist<\/span><\/p>\t<\/div>\n<\/div>\n<\/div><div class=\"lte-item col-xl-3 col-lg-3 col-md-3 col-sm-4 col-ms-4 col-xs-12\"><div class=\"lte-team-item\">\n\t<a class=\"lte-image\"  href=\"https:\/\/revitalizeinturkey.com\/nl\/team\/spec-dt-kutay-karaca\/\">\n        <img loading=\"lazy\" decoding=\"async\" width=\"365\" height=\"500\" src=\"https:\/\/revitalizeinturkey.com\/wp-content\/uploads\/2026\/04\/11-365x500.png\" class=\"attachment-ellemed-team size-ellemed-team\" alt=\"\" title=\"\">  \t\t\t\n\t<\/a>\n\t<div class=\"lte-social-wrapper\"><span class=\"lte-social-icon\"><\/span><ul class=\"lte-social\"><\/ul><\/div>\t<div class=\"lte-descr\">\n\t<a  href=\"\/nl\/<\/?php echo esc_url( get_the_permalink() ); ?>\"><h4 class=\"lte-header\">Spec. Dt. Kutay Karaca<\/h4><\/a><p class=\"lte-subheader\"><span>Dentist<\/span><\/p>\t<\/div>\n<\/div>\n<\/div><div class=\"lte-item col-xl-3 col-lg-3 col-md-3 col-sm-4 col-ms-4 col-xs-12\"><div class=\"lte-team-item\">\n\t<a class=\"lte-image\"  href=\"https:\/\/revitalizeinturkey.com\/nl\/team\/dr-ozgun-akgul\/\">\n        <img loading=\"lazy\" decoding=\"async\" width=\"365\" height=\"500\" src=\"https:\/\/revitalizeinturkey.com\/wp-content\/uploads\/2026\/04\/12-365x500.png\" class=\"attachment-ellemed-team size-ellemed-team\" alt=\"\" title=\"\">  \t\t\t\n\t<\/a>\n\t<div class=\"lte-social-wrapper\"><span class=\"lte-social-icon\"><\/span><ul class=\"lte-social\"><\/ul><\/div>\t<div class=\"lte-descr\">\n\t<a  href=\"\/nl\/<\/?php echo esc_url( get_the_permalink() ); ?>\"><h4 class=\"lte-header\">Dr. Ozgun Akgul<\/h4><\/a><p class=\"lte-subheader\"><span>Bariatric Surgeon<\/span><\/p>\t<\/div>\n<\/div>\n<\/div><div class=\"lte-item col-xl-3 col-lg-3 col-md-3 col-sm-4 col-ms-4 col-xs-12\"><div class=\"lte-team-item\">\n\t<a class=\"lte-image\"  href=\"https:\/\/revitalizeinturkey.com\/nl\/team\/dr-serkan-bilis\/\">\n        <img loading=\"lazy\" decoding=\"async\" width=\"365\" height=\"500\" src=\"https:\/\/revitalizeinturkey.com\/wp-content\/uploads\/2026\/04\/10-365x500.png\" class=\"attachment-ellemed-team size-ellemed-team\" alt=\"\" title=\"\">  \t\t\t\n\t<\/a>\n\t<div class=\"lte-social-wrapper\"><span class=\"lte-social-icon\"><\/span><ul class=\"lte-social\"><\/ul><\/div>\t<div class=\"lte-descr\">\n\t<a  href=\"\/nl\/<\/?php echo esc_url( get_the_permalink() ); ?>\"><h4 class=\"lte-header\">Dr. Serkan Bilis<\/h4><\/a><p class=\"lte-subheader\"><span>Opthalmologist<\/span><\/p>\t<\/div>\n<\/div>\n<\/div><\/div><\/div><\/div>\t\t\t\t<\/div>\n\t\t\t\t<\/div>\n\t\t\t\t\t<\/div>\n\t\t\t\t<\/div>\n\t\t\t\t<\/div>\n\t\t<div class=\"sharing-default-minimal post-bottom\"><div class=\"nectar-social default\" data-position=\"\" data-rm-love=\"0\" data-color-override=\"override\"><div class=\"nectar-social-inner\"><a href=\"#\" class=\"nectar-love\" id=\"nectar-love-60732\" title=\"Love this\"> <i class=\"icon-salient-heart-2\"><\/i><span class=\"love-text\">Love<\/span><span class=\"total_loves\"><span class=\"nectar-love-count\">0<\/span><\/span><\/a><a class='facebook-share nectar-sharing' href='#' title='Share this'> <i class='fa fa-facebook'><\/i> <span class='social-text'>Share<\/span> <\/a><a class='twitter-share nectar-sharing' href='#' title='Share this'> <i class='fa icon-salient-x-twitter'><\/i> <span class='social-text'>Share<\/span> <\/a><a class='linkedin-share nectar-sharing' href='#' title='Share this'> <i class='fa fa-linkedin'><\/i> <span class='social-text'>Share<\/span> <\/a><a class='pinterest-share nectar-sharing' href='#' title='Pin this'> <i class='fa fa-pinterest'><\/i> <span class='social-text'>Pin<\/span> <\/a><\/div><\/div><\/div>","protected":false},"excerpt":{"rendered":"","protected":false},"author":1,"featured_media":0,"parent":0,"menu_order":0,"comment_status":"closed","ping_status":"closed","template":"","meta":{"_angie_page":false,"footnotes":""},"class_list":["post-895","page","type-page","status-publish","hentry","has-post-thumbnail"],"_hostinger_reach_plugin_has_subscription_block":false,"_hostinger_reach_plugin_is_elementor":false,"_links":{"self":[{"href":"https:\/\/revitalizeinturkey.com\/nl\/wp-json\/wp\/v2\/pages\/895","targetHints":{"allow":["GET"]}}],"collection":[{"href":"https:\/\/revitalizeinturkey.com\/nl\/wp-json\/wp\/v2\/pages"}],"about":[{"href":"https:\/\/revitalizeinturkey.com\/nl\/wp-json\/wp\/v2\/types\/page"}],"author":[{"embeddable":true,"href":"https:\/\/revitalizeinturkey.com\/nl\/wp-json\/wp\/v2\/users\/1"}],"replies":[{"embeddable":true,"href":"https:\/\/revitalizeinturkey.com\/nl\/wp-json\/wp\/v2\/comments?post=895"}],"version-history":[{"count":15,"href":"https:\/\/revitalizeinturkey.com\/nl\/wp-json\/wp\/v2\/pages\/895\/revisions"}],"predecessor-version":[{"id":60743,"href":"https:\/\/revitalizeinturkey.com\/nl\/wp-json\/wp\/v2\/pages\/895\/revisions\/60743"}],"wp:attachment":[{"href":"https:\/\/revitalizeinturkey.com\/nl\/wp-json\/wp\/v2\/media?parent=895"}],"curies":[{"name":"wp","href":"https:\/\/api.w.org\/{rel}","templated":true}]}}