{"id":63823,"date":"2026-05-09T07:28:06","date_gmt":"2026-05-09T07:28:06","guid":{"rendered":"https:\/\/revitalizeinturkey.com\/?page_id=63823"},"modified":"2026-05-09T07:37:22","modified_gmt":"2026-05-09T07:37:22","slug":"contact-us","status":"publish","type":"page","link":"https:\/\/revitalizeinturkey.com\/nl\/contact-us\/","title":{"rendered":"Elementor #63823"},"content":{"rendered":"<div data-elementor-type=\"wp-page\" data-elementor-id=\"63823\" class=\"elementor elementor-63823\" data-elementor-post-type=\"page\">\n\t\t\t\t<div class=\"elementor-element elementor-element-85efadd e-flex e-con-boxed e-con e-parent\" data-id=\"85efadd\" data-element_type=\"container\" data-e-type=\"container\">\n\t\t\t\t\t<div class=\"e-con-inner\">\n\t\t\t\t<div class=\"elementor-element elementor-element-96206f1 elementor-widget elementor-widget-heading\" data-id=\"96206f1\" data-element_type=\"widget\" data-e-type=\"widget\" data-widget_type=\"heading.default\">\n\t\t\t\t<div class=\"elementor-widget-container\">\n\t\t\t\t\t<h1 class=\"elementor-heading-title elementor-size-default\">Contact Us<\/h1>\t\t\t\t<\/div>\n\t\t\t\t<\/div>\n\t\t\t\t\t<\/div>\n\t\t\t\t<\/div>\n\t\t<div class=\"elementor-element elementor-element-9c5f4d2 e-flex e-con-boxed e-con e-parent\" data-id=\"9c5f4d2\" data-element_type=\"container\" data-e-type=\"container\">\n\t\t\t\t\t<div class=\"e-con-inner\">\n\t\t\t\t<div class=\"elementor-element elementor-element-2886784 elementor-widget elementor-widget-lte-cf7\" data-id=\"2886784\" data-element_type=\"widget\" data-e-type=\"widget\" data-widget_type=\"lte-cf7.default\">\n\t\t\t\t<div class=\"elementor-widget-container\">\n\t\t\t\t\t<div class=\"lte-contact-form-7 lte-padding-yes lte-btn-black lte-full-width-no\">\n<div class=\"wpcf7 no-js\" id=\"wpcf7-f40438-o1\" lang=\"en-US\" dir=\"ltr\" data-wpcf7-id=\"40438\">\n<div class=\"screen-reader-response\"><p role=\"status\" aria-live=\"polite\" aria-atomic=\"true\"><\/p> <ul><\/ul><\/div>\n<form action=\"\/nl\/wp-json\/wp\/v2\/pages\/63823#wpcf7-f40438-o1\" method=\"post\" class=\"wpcf7-form init\" aria-label=\"Contact form\" novalidate=\"novalidate\" data-status=\"init\" data-trp-original-action=\"\/nl\/wp-json\/wp\/v2\/pages\/63823#wpcf7-f40438-o1\">\n<fieldset class=\"hidden-fields-container\"><input type=\"hidden\" name=\"_wpcf7\" value=\"40438\" \/><input type=\"hidden\" name=\"_wpcf7_version\" value=\"6.1.5\" \/><input type=\"hidden\" name=\"_wpcf7_locale\" value=\"en_US\" \/><input type=\"hidden\" name=\"_wpcf7_unit_tag\" value=\"wpcf7-f40438-o1\" \/><input type=\"hidden\" name=\"_wpcf7_container_post\" value=\"0\" \/><input type=\"hidden\" name=\"_wpcf7_posted_data_hash\" value=\"\" \/>\n<\/fieldset>\n<p><link rel=\"stylesheet\" href=\"https:\/\/cdnjs.cloudflare.com\/ajax\/libs\/intl-tel-input\/18.2.1\/css\/intlTelInput.css\" \/>\n<\/p>\n<div class=\"row\">\n\t<div class=\"col-lg-12 col-md-12 col-xs-12\" style=\"margin-bottom: 20px;\">\n\t\t<p><span class=\"wpcf7-form-control-wrap\" data-name=\"full-name\"><input size=\"40\" maxlength=\"400\" class=\"wpcf7-form-control wpcf7-text wpcf7-validates-as-required\" aria-required=\"true\" aria-invalid=\"false\" placeholder=\"Full Name\" value=\"\" type=\"text\" name=\"full-name\" \/><\/span>\n\t\t<\/p>\n\t<\/div>\n\t<div class=\"col-lg-12 col-md-12 col-xs-12\" style=\"margin-bottom: 20px;\">\n\t\t<p><span class=\"wpcf7-form-control-wrap\" data-name=\"email-address\"><input size=\"40\" maxlength=\"400\" class=\"wpcf7-form-control wpcf7-email wpcf7-validates-as-required wpcf7-text wpcf7-validates-as-email\" aria-required=\"true\" aria-invalid=\"false\" placeholder=\"Email Address\" value=\"\" type=\"email\" name=\"email-address\" \/><\/span>\n\t\t<\/p>\n\t<\/div>\n\t<div class=\"col-lg-12 col-md-12 col-xs-12\" style=\"margin-bottom: 20px;\">\n\t\t<p><span class=\"wpcf7-form-control-wrap\" data-name=\"phone-number\"><input size=\"40\" maxlength=\"400\" class=\"wpcf7-form-control wpcf7-tel wpcf7-validates-as-required wpcf7-text wpcf7-validates-as-tel\" id=\"phone-input\" aria-required=\"true\" aria-invalid=\"false\" placeholder=\"Phone Number\" value=\"\" type=\"tel\" name=\"phone-number\" \/><\/span><br \/>\n\t\t<input class=\"wpcf7-form-control wpcf7-hidden\" id=\"full-phone\" value=\"\" type=\"hidden\" name=\"full-phone\" \/>\n\t\t<\/p>\n\t<\/div>\n\t<div class=\"col-lg-12 col-md-12 col-xs-12\" style=\"margin-bottom: 20px;\">\n\t\t<p><span class=\"wpcf7-form-control-wrap\" data-name=\"interested-treatment\"><input size=\"40\" maxlength=\"400\" class=\"wpcf7-form-control wpcf7-text wpcf7-validates-as-required\" aria-required=\"true\" aria-invalid=\"false\" placeholder=\"e.g. Face Lifting\" value=\"\" type=\"text\" name=\"interested-treatment\" \/><\/span>\n\t\t<\/p>\n\t<\/div>\n<\/div>\n<div style=\"text-align:center;\">\n\t<p><input class=\"wpcf7-form-control wpcf7-submit has-spinner\" type=\"submit\" value=\"Inquire\" \/>\n\t<\/p>\n<\/div>\n<style>\n \/* Tasar\u0131m Ayarlar\u0131 *\/\n .iti { width: 100%; display: block; }\n span.wpcf7-form-control-wrap { display: block; width: 100%; }\n \n #phone-input { \n padding-left: 95px !important; \n width: 100% !important; \n box-sizing: border-box !important; \n height: 45px; \/* Form stilinize g\u00f6re ayarlayabilirsiniz *\/\n }\n \n .iti__flag-container { z-index: 10; }\n .iti__selected-flag { background-color: transparent !important; }\n \n \/* Hata mesajlar\u0131n\u0131 d\u00fczenleme *\/\n span.wpcf7-not-valid-tip { font-size: 12px; margin-top: 5px; }\n<\/style>\n<p><script src=\"https:\/\/cdnjs.cloudflare.com\/ajax\/libs\/intl-tel-input\/18.2.1\/js\/intlTelInput.min.js\"><\/script><br \/>\n<script>\ndocument.addEventListener(\"DOMContentLoaded\", function() {\n var input = document.querySelector(\"#phone-input\");\n var hiddenInput = document.querySelector(\"#full-phone\");\n \n if(input && hiddenInput) {\n var iti = window.intlTelInput(input, {\n initialCountry: \"auto\",\n geoIpLookup: function(callback) {\n fetch(\"https:\/\/ipapi.co\/json\")\n .then(function(res) { return res.json(); })\n .then(function(data) { callback(data.country_code); })\n .catch(function() { callback(\"us\"); });\n },\n utilsScript: \"https:\/\/cdnjs.cloudflare.com\/ajax\/libs\/intl-tel-input\/18.2.1\/js\/utils.js\",\n separateDialCode: true\n });\n\n \/\/ Form her g\u00f6nderildi\u011finde (submit) \u00fclke kodunu al\u0131p gizli alana yazar\n var form = input.closest('form');\n form.addEventListener('submit', function() {\n var fullNumber = iti.getNumber(); \/\/ \u00d6rn: +90532...\n hiddenInput.value = fullNumber;\n });\n }\n});\n<\/script>\n<\/p><div class=\"wpcf7-response-output\" aria-hidden=\"true\"><\/div>\n<input type=\"hidden\" name=\"trp-form-language\" value=\"nl\"\/><\/form>\n<\/div>\n<\/div>\t\t\t\t<\/div>\n\t\t\t\t<\/div>\n\t\t\t\t\t<\/div>\n\t\t\t\t<\/div>\n\t\t<div class=\"elementor-element elementor-element-5433281 e-flex e-con-boxed e-con e-parent\" data-id=\"5433281\" data-element_type=\"container\" data-e-type=\"container\">\n\t\t\t\t\t<div class=\"e-con-inner\">\n\t\t\t\t<div class=\"elementor-element elementor-element-bb3456f elementor-widget elementor-widget-heading\" data-id=\"bb3456f\" data-element_type=\"widget\" data-e-type=\"widget\" data-widget_type=\"heading.default\">\n\t\t\t\t<div class=\"elementor-widget-container\">\n\t\t\t\t\t<h2 class=\"elementor-heading-title elementor-size-default\">Start Your Transformation Journey in 4 Easy Steps<\/h2>\t\t\t\t<\/div>\n\t\t\t\t<\/div>\n\t\t\t\t\t<\/div>\n\t\t\t\t<\/div>\n\t\t<div class=\"elementor-element elementor-element-867f74d e-flex e-con-boxed e-con e-parent\" data-id=\"867f74d\" data-element_type=\"container\" data-e-type=\"container\">\n\t\t\t\t\t<div class=\"e-con-inner\">\n\t\t<div class=\"elementor-element elementor-element-35ec447 e-con-full e-flex e-con e-child\" data-id=\"35ec447\" data-element_type=\"container\" data-e-type=\"container\">\n\t\t<div class=\"elementor-element elementor-element-b8462a6 e-con-full e-flex e-con e-child\" data-id=\"b8462a6\" data-element_type=\"container\" data-e-type=\"container\">\n\t\t\t\t<div class=\"elementor-element elementor-element-38fbb68 elementor-widget elementor-widget-heading\" data-id=\"38fbb68\" data-element_type=\"widget\" data-e-type=\"widget\" data-widget_type=\"heading.default\">\n\t\t\t\t<div class=\"elementor-widget-container\">\n\t\t\t\t\t<h2 class=\"elementor-heading-title elementor-size-default\">Get an Assessment<\/h2>\t\t\t\t<\/div>\n\t\t\t\t<\/div>\n\t\t\t\t<div class=\"elementor-element elementor-element-1daa619 elementor-widget elementor-widget-text-editor\" data-id=\"1daa619\" data-element_type=\"widget\" data-e-type=\"widget\" data-widget_type=\"text-editor.default\">\n\t\t\t\t<div class=\"elementor-widget-container\">\n\t\t\t\t\t\t\t\t\t<p>Upon your inquiry, our team will get in touch with you to provide the initial information. You can send us photos of areas of concern for us to get our specialists&#8217; professional advice for you.<\/p>\t\t\t\t\t\t\t\t<\/div>\n\t\t\t\t<\/div>\n\t\t\t\t<\/div>\n\t\t\t\t<\/div>\n\t\t<div class=\"elementor-element elementor-element-fa70d0a e-con-full e-flex e-con e-child\" data-id=\"fa70d0a\" data-element_type=\"container\" data-e-type=\"container\">\n\t\t<div class=\"elementor-element elementor-element-f5c2ec7 e-con-full e-flex e-con e-child\" data-id=\"f5c2ec7\" data-element_type=\"container\" data-e-type=\"container\">\n\t\t\t\t<div class=\"elementor-element elementor-element-5e0dea9 elementor-widget elementor-widget-heading\" data-id=\"5e0dea9\" data-element_type=\"widget\" data-e-type=\"widget\" data-widget_type=\"heading.default\">\n\t\t\t\t<div class=\"elementor-widget-container\">\n\t\t\t\t\t<h2 class=\"elementor-heading-title elementor-size-default\">Medical Records Check<\/h2>\t\t\t\t<\/div>\n\t\t\t\t<\/div>\n\t\t\t\t<div class=\"elementor-element elementor-element-0d03a12 elementor-widget elementor-widget-text-editor\" data-id=\"0d03a12\" data-element_type=\"widget\" data-e-type=\"widget\" data-widget_type=\"text-editor.default\">\n\t\t\t\t<div class=\"elementor-widget-container\">\n\t\t\t\t\t\t\t\t\t<p>Once we determine the treatment plan, the next step is to make sure that you are safe to undergo that treatment. We use our medical history form, and request blood test results and reports from you if necessary to ensure that.<\/p>\t\t\t\t\t\t\t\t<\/div>\n\t\t\t\t<\/div>\n\t\t\t\t<\/div>\n\t\t\t\t<\/div>\n\t\t<div class=\"elementor-element elementor-element-34628b1 e-con-full e-flex e-con e-child\" data-id=\"34628b1\" data-element_type=\"container\" data-e-type=\"container\">\n\t\t<div class=\"elementor-element elementor-element-c0d7feb e-con-full e-flex e-con e-child\" data-id=\"c0d7feb\" data-element_type=\"container\" data-e-type=\"container\">\n\t\t\t\t<div class=\"elementor-element elementor-element-e6260a4 elementor-widget elementor-widget-heading\" data-id=\"e6260a4\" data-element_type=\"widget\" data-e-type=\"widget\" data-widget_type=\"heading.default\">\n\t\t\t\t<div class=\"elementor-widget-container\">\n\t\t\t\t\t<h2 class=\"elementor-heading-title elementor-size-default\">Determining a Date<\/h2>\t\t\t\t<\/div>\n\t\t\t\t<\/div>\n\t\t\t\t<div class=\"elementor-element elementor-element-4fddb48 elementor-widget elementor-widget-text-editor\" data-id=\"4fddb48\" data-element_type=\"widget\" data-e-type=\"widget\" data-widget_type=\"text-editor.default\">\n\t\t\t\t<div class=\"elementor-widget-container\">\n\t\t\t\t\t\t\t\t\t<p>After determining the treatment plan and ensuring that you are safe to proceed with it, we can discuss dates. The arrival date options will be provided to you by our team. The treatment is organized for the next day of your arrival.<\/p>\t\t\t\t\t\t\t\t<\/div>\n\t\t\t\t<\/div>\n\t\t\t\t<\/div>\n\t\t\t\t<\/div>\n\t\t<div class=\"elementor-element elementor-element-92036e6 e-con-full e-flex e-con e-child\" data-id=\"92036e6\" data-element_type=\"container\" data-e-type=\"container\">\n\t\t<div class=\"elementor-element elementor-element-1f66f51 e-con-full e-flex e-con e-child\" data-id=\"1f66f51\" data-element_type=\"container\" data-e-type=\"container\">\n\t\t\t\t<div class=\"elementor-element elementor-element-54c837d elementor-widget elementor-widget-heading\" data-id=\"54c837d\" data-element_type=\"widget\" data-e-type=\"widget\" data-widget_type=\"heading.default\">\n\t\t\t\t<div class=\"elementor-widget-container\">\n\t\t\t\t\t<h2 class=\"elementor-heading-title elementor-size-default\">Flights<\/h2>\t\t\t\t<\/div>\n\t\t\t\t<\/div>\n\t\t\t\t<div class=\"elementor-element elementor-element-0ed63b3 elementor-widget elementor-widget-text-editor\" data-id=\"0ed63b3\" data-element_type=\"widget\" data-e-type=\"widget\" data-widget_type=\"text-editor.default\">\n\t\t\t\t<div class=\"elementor-widget-container\">\n\t\t\t\t\t\t\t\t\t<p>After determining the treatment, confirming the medical history and agreeing on a date, the only thing left is that you book your flights to arrive on the agreed date. The rest of the organization will be handled by our team.<\/p>\t\t\t\t\t\t\t\t<\/div>\n\t\t\t\t<\/div>\n\t\t\t\t<\/div>\n\t\t\t\t<\/div>\n\t\t\t\t\t<\/div>\n\t\t\t\t<\/div>\n\t\t<div class=\"elementor-element elementor-element-ef69077 e-flex e-con-boxed e-con e-parent\" data-id=\"ef69077\" data-element_type=\"container\" data-e-type=\"container\">\n\t\t\t\t\t<div class=\"e-con-inner\">\n\t\t\t\t<div class=\"elementor-element elementor-element-c238d83 elementor-widget elementor-widget-text-editor\" data-id=\"c238d83\" data-element_type=\"widget\" data-e-type=\"widget\" data-widget_type=\"text-editor.default\">\n\t\t\t\t<div class=\"elementor-widget-container\">\n\t\t\t\t\t\t\t\t\t<h2 data-section-id=\"9t0zuh\" data-start=\"318\" data-end=\"362\">Why Patients Choose Revitalize in Turkey<\/h2><ul data-start=\"363\" data-end=\"549\"><li data-section-id=\"1nq9c55\" data-start=\"363\" data-end=\"383\">UK-focused support<\/li><li data-section-id=\"1nq9c55\" data-start=\"363\" data-end=\"383\">Matchless aftercare service<\/li><li data-section-id=\"1nq9c55\" data-start=\"363\" data-end=\"383\">Recovery retreat available with 24\/7 available aftercare personnel<\/li><li data-section-id=\"1q4ns7m\" data-start=\"384\" data-end=\"415\">English-speaking coordinators<\/li><li data-section-id=\"dzjvkr\" data-start=\"416\" data-end=\"449\">Personalized treatment planning<\/li><li data-section-id=\"xtxfug\" data-start=\"450\" data-end=\"486\">VIP transfers<\/li><li data-section-id=\"1end1fw\" data-start=\"487\" data-end=\"521\">Experienced surgeons and clinics<\/li><li data-section-id=\"12n95ny\" data-start=\"522\" data-end=\"549\">Transparent communication<\/li><\/ul><p data-start=\"551\" data-end=\"576\">\u00a0<\/p>\t\t\t\t\t\t\t\t<\/div>\n\t\t\t\t<\/div>\n\t\t\t\t\t<\/div>\n\t\t\t\t<\/div>\n\t\t\t\t<\/div>\n\t\t<div class=\"sharing-default-minimal post-bottom\"><div class=\"nectar-social default\" data-position=\"\" data-rm-love=\"0\" data-color-override=\"override\"><div class=\"nectar-social-inner\"><a href=\"#\" class=\"nectar-love\" id=\"nectar-love-63823\" title=\"Love this\"> <i class=\"icon-salient-heart-2\"><\/i><span class=\"love-text\">Love<\/span><span class=\"total_loves\"><span class=\"nectar-love-count\">0<\/span><\/span><\/a><a class='facebook-share nectar-sharing' href='#' title='Share this'> <i class='fa fa-facebook'><\/i> <span class='social-text'>Share<\/span> <\/a><a class='twitter-share nectar-sharing' href='#' title='Share this'> <i class='fa icon-salient-x-twitter'><\/i> <span class='social-text'>Share<\/span> <\/a><a class='linkedin-share nectar-sharing' href='#' title='Share this'> <i class='fa fa-linkedin'><\/i> <span class='social-text'>Share<\/span> <\/a><a class='pinterest-share nectar-sharing' href='#' title='Pin this'> <i class='fa fa-pinterest'><\/i> <span class='social-text'>Pin<\/span> <\/a><\/div><\/div><\/div>","protected":false},"excerpt":{"rendered":"<p>Contact Us Start Your Transformation Journey in 4 Easy Steps Get an Assessment Upon your inquiry, our team will get in touch with you to provide the initial information. You can send us photos of areas of concern for us to get our specialists&#8217; professional advice for you. Medical Records Check Once we determine the [&hellip;]<\/p>\n","protected":false},"author":1,"featured_media":0,"parent":0,"menu_order":0,"comment_status":"closed","ping_status":"closed","template":"","meta":{"_acf_changed":false,"_angie_page":false,"footnotes":""},"class_list":["post-63823","page","type-page","status-publish","hentry"],"acf":[],"_hostinger_reach_plugin_has_subscription_block":false,"_hostinger_reach_plugin_is_elementor":false,"_links":{"self":[{"href":"https:\/\/revitalizeinturkey.com\/nl\/wp-json\/wp\/v2\/pages\/63823","targetHints":{"allow":["GET"]}}],"collection":[{"href":"https:\/\/revitalizeinturkey.com\/nl\/wp-json\/wp\/v2\/pages"}],"about":[{"href":"https:\/\/revitalizeinturkey.com\/nl\/wp-json\/wp\/v2\/types\/page"}],"author":[{"embeddable":true,"href":"https:\/\/revitalizeinturkey.com\/nl\/wp-json\/wp\/v2\/users\/1"}],"replies":[{"embeddable":true,"href":"https:\/\/revitalizeinturkey.com\/nl\/wp-json\/wp\/v2\/comments?post=63823"}],"version-history":[{"count":7,"href":"https:\/\/revitalizeinturkey.com\/nl\/wp-json\/wp\/v2\/pages\/63823\/revisions"}],"predecessor-version":[{"id":63833,"href":"https:\/\/revitalizeinturkey.com\/nl\/wp-json\/wp\/v2\/pages\/63823\/revisions\/63833"}],"wp:attachment":[{"href":"https:\/\/revitalizeinturkey.com\/nl\/wp-json\/wp\/v2\/media?parent=63823"}],"curies":[{"name":"wp","href":"https:\/\/api.w.org\/{rel}","templated":true}]}}