{"id":59956,"date":"2026-03-25T12:48:22","date_gmt":"2026-03-25T12:48:22","guid":{"rendered":"https:\/\/revitalizeinturkey.com\/?page_id=59956"},"modified":"2026-05-10T08:52:39","modified_gmt":"2026-05-10T08:52:39","slug":"manchester-meeting","status":"publish","type":"page","link":"https:\/\/revitalizeinturkey.com\/fr\/manchester-meeting\/","title":{"rendered":"R\u00e9union \u00e0 Manchester"},"content":{"rendered":"<div data-elementor-type=\"wp-page\" data-elementor-id=\"59956\" class=\"elementor elementor-59956\" data-elementor-post-type=\"page\">\n\t\t\t\t<div class=\"elementor-element elementor-element-8b40605 e-flex e-con-boxed e-con e-parent\" data-id=\"8b40605\" data-element_type=\"container\" data-e-type=\"container\">\n\t\t\t\t\t<div class=\"e-con-inner\">\n\t\t<div class=\"elementor-element elementor-element-154529a e-con-full e-flex e-con e-child\" data-id=\"154529a\" data-element_type=\"container\" data-e-type=\"container\">\n\t\t<div class=\"elementor-element elementor-element-8096fdc e-con-full e-flex e-con e-child\" data-id=\"8096fdc\" data-element_type=\"container\" data-e-type=\"container\">\n\t\t\t\t<div class=\"elementor-element elementor-element-4c13de4 elementor-widget__width-initial lte-heading-align-tablet-center elementor-widget elementor-widget-lte-header\" data-id=\"4c13de4\" data-element_type=\"widget\" data-e-type=\"widget\" data-widget_type=\"lte-header.default\">\n\t\t\t\t<div class=\"elementor-widget-container\">\n\t\t\t\t\t\t<div class=\"lte-heading lte-style-header-underline has-subheader heading-tag-h2 heading-subtag-h5\"><div class=\"lte-heading-content\"><h5 class=\"lte-subheader\">Revitaliser en Turquie<\/h5><h2 class=\"lte-header\">R\u00e9union \u00e0 Manchester<\/h2><\/div><\/div>\t\t\t\t<\/div>\n\t\t\t\t<\/div>\n\t\t\t\t<div class=\"elementor-element elementor-element-ffd2546 elementor-widget__width-initial elementor-widget elementor-widget-text-editor\" data-id=\"ffd2546\" data-element_type=\"widget\" data-e-type=\"widget\" data-widget_type=\"text-editor.default\">\n\t\t\t\t<div class=\"elementor-widget-container\">\n\t\t\t\t\t\t\t\t\t<p>We have been holding meeting in Manchester at select venues for more than 21 years with the commitment to build a robust bridge between our patients and our clinic. The bond that we have established with our patients has continued to thrive and flourish with our well-established UK presence. So much as our patients\u2019 presence which has made us jubilant and complete, the comfort of having a face-to-face meeting and the reassurance of getting solid, truthful medical advice have always been a great source of appreciation and a remarkable occasion of \u2018patient-clinic\u2019 reunion both for us and for our patients.<\/p>\t\t\t\t\t\t\t\t<\/div>\n\t\t\t\t<\/div>\n\t\t<div class=\"elementor-element elementor-element-c366fbe e-con-full e-flex e-con e-child\" data-id=\"c366fbe\" data-element_type=\"container\" data-e-type=\"container\">\n\t\t<div class=\"elementor-element elementor-element-da57e1d e-con-full e-flex e-con e-child\" data-id=\"da57e1d\" data-element_type=\"container\" data-e-type=\"container\">\n\t\t\t\t<div class=\"elementor-element elementor-element-26e0cc5 elementor-widget elementor-widget-lte-header\" data-id=\"26e0cc5\" data-element_type=\"widget\" data-e-type=\"widget\" data-widget_type=\"lte-header.default\">\n\t\t\t\t<div class=\"elementor-widget-container\">\n\t\t\t\t\t\t<div class=\"lte-heading lte-style-header-subheader heading-tag-h6 heading-subtag-h6\"><div class=\"lte-heading-content\"><h6 class=\"lte-header\">Make an appointment by phone:<\/h6><\/div><\/div>\t\t\t\t<\/div>\n\t\t\t\t<\/div>\n\t\t\t\t<div class=\"elementor-element elementor-element-3a1b475 lte-style-grid-disabled elementor-widget elementor-widget-lte-icons\" data-id=\"3a1b475\" data-element_type=\"widget\" data-e-type=\"widget\" data-widget_type=\"lte-icons.default\">\n\t\t\t\t<div class=\"elementor-widget-container\">\n\t\t\t\t\t<ul class=\"lte-block-icon icons-count-3 lte-icon-space-md lte-icon-shape-default lte-icon-background-disabled lte-icon-grid-background-disabled lte-icon-border- lte-icon-color-main lte-icon-divider-disabled lte-icon-size-small lte-header-color-default lte-icon-type-left lte-icon-align- lte-hover-animation-icon-up layout-inline lte-additional-\"><li class=\"\"><div   class=\"lte-inner\"><i aria-hidden=\"true\" class=\"icon icon-outgoing-call\"><\/i><span class=\"lte-icon-content\"> <span class=\"lte-header lte-h5\">  UK Patient Coordinator (Jackie Bonham):<br \/>\n+44 7884 361546 <\/span> <\/span><\/div><\/li><li class=\"\"><a href=\"https:\/\/wa.me\/+905050157331\" class=\"lte-inner\" rel=\"nofollow noopener\" target=\"_blank\"><i aria-hidden=\"true\" class=\"icon icon-outgoing-call\"><\/i><span class=\"lte-icon-content\"> <span class=\"lte-header lte-h5\"> Whatsapp Support Line: <br \/>\n90 505 015 73 31 <\/span> <\/span><\/a><\/li><li class=\"\"><a href=\"https:\/\/wa.me\/+905050157331\" class=\"lte-inner\" rel=\"nofollow noopener\" target=\"_blank\"><i aria-hidden=\"true\" class=\"icon icon-outgoing-call\"><\/i><span class=\"lte-icon-content\"> <span class=\"lte-header lte-h5\"> Turkey Office:<br \/>\n+90 505 015 73 31 <\/span> <\/span><\/a><\/li><\/ul>\t\t\t\t<\/div>\n\t\t\t\t<\/div>\n\t\t\t\t<\/div>\n\t\t\t\t<\/div>\n\t\t\t\t<\/div>\n\t\t<div class=\"elementor-element elementor-element-5c3cea6 e-con-full lte-background-gray e-flex e-con e-child\" data-id=\"5c3cea6\" data-element_type=\"container\" data-e-type=\"container\">\n\t\t\t\t<div class=\"elementor-element elementor-element-8c403d1 elementor-widget__width-initial elementor-widget elementor-widget-image\" data-id=\"8c403d1\" data-element_type=\"widget\" data-e-type=\"widget\" data-widget_type=\"image.default\">\n\t\t\t\t<div class=\"elementor-widget-container\">\n\t\t\t\t\t\t\t\t\t\t\t\t<figure class=\"wp-caption\">\n\t\t\t\t\t\t\t\t\t\t<img decoding=\"async\" src=\"https:\/\/revitalizeinturkey.com\/wp-content\/uploads\/2026\/03\/anasayfa_manchester-e1713784395434.webp\" title=\"\" alt=\"\" loading=\"lazy\">\t\t\t\t\t\t\t\t\t\t\t<figcaption class=\"widget-image-caption wp-caption-text\"><\/figcaption>\n\t\t\t\t\t\t\t\t\t\t<\/figure>\n\t\t\t\t\t\t\t\t\t<\/div>\n\t\t\t\t<\/div>\n\t\t\t\t<div class=\"elementor-element elementor-element-884a599 lte-heading-align-center elementor-widget__width-initial elementor-widget elementor-widget-lte-header\" data-id=\"884a599\" data-element_type=\"widget\" data-e-type=\"widget\" data-widget_type=\"lte-header.default\">\n\t\t\t\t<div class=\"elementor-widget-container\">\n\t\t\t\t\t\t<div class=\"lte-heading lte-style-header-subheader lte-subcolor-main heading-tag-h4 heading-subtag-h6\"><div class=\"lte-heading-content\"><h4 class=\"lte-header\">Manchester<br \/>\nMeeting<\/h4><\/div><\/div>\t\t\t\t<\/div>\n\t\t\t\t<\/div>\n\t\t\t\t<div class=\"elementor-element elementor-element-7b1c8f0 elementor-widget__width-initial elementor-widget elementor-widget-text-editor\" data-id=\"7b1c8f0\" data-element_type=\"widget\" data-e-type=\"widget\" data-widget_type=\"text-editor.default\">\n\t\t\t\t<div class=\"elementor-widget-container\">\n\t\t\t\t\t\t\t\t\t<div id=\"fws_69a9299eca8c7\" class=\"wpb_row vc_row-fluid vc_row inner_row\" data-midnight=\"\" data-column-margin=\"default\"><div class=\"row_col_wrap_12_inner col span_12 left\"><div class=\"vc_col-sm-12 wpb_column column_container vc_column_container col child_column right_padding_tablet_33vw right_padding_phone_0px\" data-padding-pos=\"all\" data-has-bg-color=\"false\" data-bg-color=\"\" data-bg-opacity=\"1\" data-animation=\"\" data-delay=\"0\"><div class=\"vc_column-inner\"><div class=\"wpb_wrapper\"><div class=\"nectar-responsive-text font_size_min_14px font_size_max_20px font_size_desktop_1-1vw font_line_height_1-5 nectar-link-underline-effect\"><div id=\"fws_69a9299eca8c7\" class=\"wpb_row vc_row-fluid vc_row inner_row\" data-midnight=\"\" data-column-margin=\"default\"><div class=\"row_col_wrap_12_inner col span_12 left\"><div class=\"vc_col-sm-12 wpb_column column_container vc_column_container col child_column right_padding_tablet_33vw right_padding_phone_0px\" data-padding-pos=\"all\" data-has-bg-color=\"false\" data-bg-color=\"\" data-bg-opacity=\"1\" data-animation=\"\" data-delay=\"0\"><div class=\"vc_column-inner\"><div class=\"wpb_wrapper\"><div class=\"nectar-responsive-text font_size_min_14px font_size_max_20px font_size_desktop_1-1vw font_line_height_1-5 nectar-link-underline-effect\"><p>We are waiting for you in <u><strong>Manchester Meeting on 14th June<\/strong>\u00a0<\/u>for a face to face meeting with our team.<\/p><\/div><\/div><\/div><\/div><\/div><\/div><\/div><\/div><\/div><\/div><\/div><\/div>\t\t\t\t\t\t\t\t<\/div>\n\t\t\t\t<\/div>\n\t\t\t\t<\/div>\n\t\t\t\t<\/div>\n\t\t\t\t\t<\/div>\n\t\t\t\t<\/div>\n\t\t<div class=\"elementor-element elementor-element-d248657 e-flex e-con-boxed e-con e-parent\" data-id=\"d248657\" data-element_type=\"container\" data-e-type=\"container\">\n\t\t\t\t\t<div class=\"e-con-inner\">\n\t\t<div class=\"elementor-element elementor-element-40ed0af e-con-full e-flex e-con e-child\" data-id=\"40ed0af\" data-element_type=\"container\" data-e-type=\"container\">\n\t\t\t\t<div class=\"elementor-element elementor-element-2f5efb8 elementor-widget__width-initial lte-heading-align-tablet-center elementor-widget elementor-widget-lte-header\" data-id=\"2f5efb8\" data-element_type=\"widget\" data-e-type=\"widget\" data-widget_type=\"lte-header.default\">\n\t\t\t\t<div class=\"elementor-widget-container\">\n\t\t\t\t\t\t<div class=\"lte-heading lte-style-header-underline has-subheader heading-tag-h2 heading-subtag-h5\"><div class=\"lte-heading-content\"><h5 class=\"lte-subheader\">Revitaliser en Turquie<\/h5><h2 class=\"lte-header\">R\u00e9union \u00e0 Manchester<\/h2><\/div><\/div>\t\t\t\t<\/div>\n\t\t\t\t<\/div>\n\t\t\t\t<div class=\"elementor-element elementor-element-2803e48 elementor-widget elementor-widget-text-editor\" data-id=\"2803e48\" data-element_type=\"widget\" data-e-type=\"widget\" data-widget_type=\"text-editor.default\">\n\t\t\t\t<div class=\"elementor-widget-container\">\n\t\t\t\t\t\t\t\t\t<p>We have been holding meeting in Manchester at select venues for more than 21 years with the commitment to build a robust bridge between our patients and our clinic. The bond that we have established with our patients has continued to thrive and flourish with our well-established UK presence. So much as our patients\u2019 presence which has made us jubilant and complete, the comfort of having a face-to-face meeting and the reassurance of getting solid, truthful medical advice have always been a great source of appreciation and a remarkable occasion of \u2018patient-clinic\u2019 reunion both for us and for our patients. Thanks to this bond we have established with our patients, we created so many fond memories, touched on so many people\u2019s lives by giving them the confidence they have been craving for, befriended with so many patients who became part of our family.<\/p>\n<p>Our Manchester meeting involves delivering professional treatment recommendations with face-to-face sessions where we delve into subjects such as patient objectives, operation modalities, individual anatomy of the patient with a view to guide the patients towards the right path of surgery and treatment options. We always aim to deliver medically-grounded information detached from any commercial interest and intend to educate our patients on all possible disadvantages and risk-elements associated with any treatment plan. That\u2019s why RevitalizeinTurkey has been a trademark company in its own field for more than 20 years. Our motto has always been to prioritise our patients\u2019 safety and health.<\/p>\n<p>We also conduct post-op reviews and assessments at our UK meeting in addition to seeing new patients, as part of our UK post-op check scheme. Any patient who has a procedure with us is more than welcome to book a post-op review to get advice on his\/her recovery progress.<\/p>\n<p>You can now take the next step and find out more about ourselves and our treatment packages by meeting us face to face.<\/p>\t\t\t\t\t\t\t\t<\/div>\n\t\t\t\t<\/div>\n\t\t\t\t<\/div>\n\t\t\t\t\t<\/div>\n\t\t\t\t<\/div>\n\t\t<div class=\"elementor-element elementor-element-ec7eba0 e-flex e-con-boxed e-con e-parent\" data-id=\"ec7eba0\" data-element_type=\"container\" data-e-type=\"container\">\n\t\t\t\t\t<div class=\"e-con-inner\">\n\t\t\t\t<div class=\"elementor-element elementor-element-f7bb0be elementor-widget elementor-widget-lte-cf7\" data-id=\"f7bb0be\" data-element_type=\"widget\" data-e-type=\"widget\" data-widget_type=\"lte-cf7.default\">\n\t\t\t\t<div class=\"elementor-widget-container\">\n\t\t\t\t\t<div class=\"lte-contact-form-7 lte-padding-yes lte-btn-black lte-full-width-no\">\n<div class=\"wpcf7 no-js\" id=\"wpcf7-f40438-o1\" lang=\"en-US\" dir=\"ltr\" data-wpcf7-id=\"40438\">\n<div class=\"screen-reader-response\"><p role=\"status\" aria-live=\"polite\" aria-atomic=\"true\"><\/p> <ul><\/ul><\/div>\n<form action=\"\/fr\/wp-json\/wp\/v2\/pages\/59956#wpcf7-f40438-o1\" method=\"post\" class=\"wpcf7-form init\" aria-label=\"Contact form\" novalidate=\"novalidate\" data-status=\"init\" data-trp-original-action=\"\/fr\/wp-json\/wp\/v2\/pages\/59956#wpcf7-f40438-o1\">\n<fieldset class=\"hidden-fields-container\"><input type=\"hidden\" name=\"_wpcf7\" value=\"40438\" \/><input type=\"hidden\" name=\"_wpcf7_version\" value=\"6.1.5\" \/><input type=\"hidden\" name=\"_wpcf7_locale\" value=\"en_US\" \/><input type=\"hidden\" name=\"_wpcf7_unit_tag\" value=\"wpcf7-f40438-o1\" \/><input type=\"hidden\" name=\"_wpcf7_container_post\" value=\"0\" \/><input type=\"hidden\" name=\"_wpcf7_posted_data_hash\" value=\"\" \/>\n<\/fieldset>\n<p><link rel=\"stylesheet\" href=\"https:\/\/cdnjs.cloudflare.com\/ajax\/libs\/intl-tel-input\/18.2.1\/css\/intlTelInput.css\" \/>\n<\/p>\n<div class=\"row\">\n\t<div class=\"col-lg-12 col-md-12 col-xs-12\" style=\"margin-bottom: 20px;\">\n\t\t<p><span class=\"wpcf7-form-control-wrap\" data-name=\"full-name\"><input size=\"40\" maxlength=\"400\" class=\"wpcf7-form-control wpcf7-text wpcf7-validates-as-required\" aria-required=\"true\" aria-invalid=\"false\" placeholder=\"Full Name\" value=\"\" type=\"text\" name=\"full-name\" \/><\/span>\n\t\t<\/p>\n\t<\/div>\n\t<div class=\"col-lg-12 col-md-12 col-xs-12\" style=\"margin-bottom: 20px;\">\n\t\t<p><span class=\"wpcf7-form-control-wrap\" data-name=\"email-address\"><input size=\"40\" maxlength=\"400\" class=\"wpcf7-form-control wpcf7-email wpcf7-validates-as-required wpcf7-text wpcf7-validates-as-email\" aria-required=\"true\" aria-invalid=\"false\" placeholder=\"Email Address\" value=\"\" type=\"email\" name=\"email-address\" \/><\/span>\n\t\t<\/p>\n\t<\/div>\n\t<div class=\"col-lg-12 col-md-12 col-xs-12\" style=\"margin-bottom: 20px;\">\n\t\t<p><span class=\"wpcf7-form-control-wrap\" data-name=\"phone-number\"><input size=\"40\" maxlength=\"400\" class=\"wpcf7-form-control wpcf7-tel wpcf7-validates-as-required wpcf7-text wpcf7-validates-as-tel\" id=\"phone-input\" aria-required=\"true\" aria-invalid=\"false\" placeholder=\"Phone Number\" value=\"\" type=\"tel\" name=\"phone-number\" \/><\/span><br \/>\n\t\t<input class=\"wpcf7-form-control wpcf7-hidden\" id=\"full-phone\" value=\"\" type=\"hidden\" name=\"full-phone\" \/>\n\t\t<\/p>\n\t<\/div>\n\t<div class=\"col-lg-12 col-md-12 col-xs-12\" style=\"margin-bottom: 20px;\">\n\t\t<p><span class=\"wpcf7-form-control-wrap\" data-name=\"interested-treatment\"><input size=\"40\" maxlength=\"400\" class=\"wpcf7-form-control wpcf7-text wpcf7-validates-as-required\" aria-required=\"true\" aria-invalid=\"false\" placeholder=\"e.g. Face Lifting\" value=\"\" type=\"text\" name=\"interested-treatment\" \/><\/span>\n\t\t<\/p>\n\t<\/div>\n<\/div>\n<div style=\"text-align:center;\">\n\t<p><input class=\"wpcf7-form-control wpcf7-submit has-spinner\" type=\"submit\" value=\"Inquire\" \/>\n\t<\/p>\n<\/div>\n<style>\n \/* Tasar\u0131m Ayarlar\u0131 *\/\n .iti { width: 100%; display: block; }\n span.wpcf7-form-control-wrap { display: block; width: 100%; }\n \n #phone-input { \n padding-left: 95px !important; \n width: 100% !important; \n box-sizing: border-box !important; \n height: 45px; \/* Form stilinize g\u00f6re ayarlayabilirsiniz *\/\n }\n \n .iti__flag-container { z-index: 10; }\n .iti__selected-flag { background-color: transparent !important; }\n \n \/* Hata mesajlar\u0131n\u0131 d\u00fczenleme *\/\n span.wpcf7-not-valid-tip { font-size: 12px; margin-top: 5px; }\n<\/style>\n<p><script src=\"https:\/\/cdnjs.cloudflare.com\/ajax\/libs\/intl-tel-input\/18.2.1\/js\/intlTelInput.min.js\"><\/script><br \/>\n<script>\ndocument.addEventListener(\"DOMContentLoaded\", function() {\n var input = document.querySelector(\"#phone-input\");\n var hiddenInput = document.querySelector(\"#full-phone\");\n \n if(input && hiddenInput) {\n var iti = window.intlTelInput(input, {\n initialCountry: \"auto\",\n geoIpLookup: function(callback) {\n fetch(\"https:\/\/ipapi.co\/json\")\n .then(function(res) { return res.json(); })\n .then(function(data) { callback(data.country_code); })\n .catch(function() { callback(\"us\"); });\n },\n utilsScript: \"https:\/\/cdnjs.cloudflare.com\/ajax\/libs\/intl-tel-input\/18.2.1\/js\/utils.js\",\n separateDialCode: true\n });\n\n \/\/ Form her g\u00f6nderildi\u011finde (submit) \u00fclke kodunu al\u0131p gizli alana yazar\n var form = input.closest('form');\n form.addEventListener('submit', function() {\n var fullNumber = iti.getNumber(); \/\/ \u00d6rn: +90532...\n hiddenInput.value = fullNumber;\n });\n }\n});\n<\/script>\n<\/p><div class=\"wpcf7-response-output\" aria-hidden=\"true\"><\/div>\n<input type=\"hidden\" name=\"trp-form-language\" value=\"fr\"\/><\/form>\n<\/div>\n<\/div>\t\t\t\t<\/div>\n\t\t\t\t<\/div>\n\t\t\t\t\t<\/div>\n\t\t\t\t<\/div>\n\t\t<div class=\"elementor-element elementor-element-ce685c8 e-flex e-con-boxed e-con e-parent\" data-id=\"ce685c8\" data-element_type=\"container\" data-e-type=\"container\">\n\t\t\t\t\t<div class=\"e-con-inner\">\n\t\t<div class=\"elementor-element elementor-element-595ea0f e-con-full e-flex e-con e-child\" data-id=\"595ea0f\" data-element_type=\"container\" data-e-type=\"container\">\n\t\t\t\t<div class=\"elementor-element elementor-element-6bec8dc lte-animation-floating lte-animation-speed-slow lte-animation-delay-slow elementor-widget elementor-widget-image\" data-id=\"6bec8dc\" data-element_type=\"widget\" data-e-type=\"widget\" data-widget_type=\"image.default\">\n\t\t\t\t<div class=\"elementor-widget-container\">\n\t\t\t\t\t\t\t\t\t\t\t\t\t\t\t<img fetchpriority=\"high\" decoding=\"async\" width=\"1024\" height=\"1021\" src=\"https:\/\/revitalizeinturkey.com\/wp-content\/uploads\/2026\/03\/revitalize-london-manchester-image4-1024x1021.jpeg\" class=\"attachment-large size-large wp-image-45111\" alt=\"\" srcset=\"https:\/\/revitalizeinturkey.com\/wp-content\/uploads\/2026\/03\/revitalize-london-manchester-image4-1024x1021.jpeg 1024w, https:\/\/revitalizeinturkey.com\/wp-content\/uploads\/2026\/03\/revitalize-london-manchester-image4-300x300.jpeg 300w, https:\/\/revitalizeinturkey.com\/wp-content\/uploads\/2026\/03\/revitalize-london-manchester-image4-150x150.jpeg 150w, https:\/\/revitalizeinturkey.com\/wp-content\/uploads\/2026\/03\/revitalize-london-manchester-image4-768x766.jpeg 768w, https:\/\/revitalizeinturkey.com\/wp-content\/uploads\/2026\/03\/revitalize-london-manchester-image4-460x460.jpeg 460w, https:\/\/revitalizeinturkey.com\/wp-content\/uploads\/2026\/03\/revitalize-london-manchester-image4-500x500.jpeg 500w, https:\/\/revitalizeinturkey.com\/wp-content\/uploads\/2026\/03\/revitalize-london-manchester-image4-140x140.jpeg 140w, https:\/\/revitalizeinturkey.com\/wp-content\/uploads\/2026\/03\/revitalize-london-manchester-image4-80x80.jpeg 80w, https:\/\/revitalizeinturkey.com\/wp-content\/uploads\/2026\/03\/revitalize-london-manchester-image4-100x100.jpeg 100w, https:\/\/revitalizeinturkey.com\/wp-content\/uploads\/2026\/03\/revitalize-london-manchester-image4-360x360.jpeg 360w, https:\/\/revitalizeinturkey.com\/wp-content\/uploads\/2026\/03\/revitalize-london-manchester-image4-1250x1247.jpeg 1250w, https:\/\/revitalizeinturkey.com\/wp-content\/uploads\/2026\/03\/revitalize-london-manchester-image4-350x350.jpeg 350w, https:\/\/revitalizeinturkey.com\/wp-content\/uploads\/2026\/03\/revitalize-london-manchester-image4-480x479.jpeg 480w, https:\/\/revitalizeinturkey.com\/wp-content\/uploads\/2026\/03\/revitalize-london-manchester-image4-600x598.jpeg 600w, https:\/\/revitalizeinturkey.com\/wp-content\/uploads\/2026\/03\/revitalize-london-manchester-image4.jpeg 1536w\" sizes=\"(max-width: 1024px) 100vw, 1024px\" title=\"\">\t\t\t\t\t\t\t\t\t\t\t\t\t\t\t<\/div>\n\t\t\t\t<\/div>\n\t\t\t\t<\/div>\n\t\t<div class=\"elementor-element elementor-element-44c93fa e-con-full e-flex e-con e-child\" data-id=\"44c93fa\" data-element_type=\"container\" data-e-type=\"container\">\n\t\t\t\t<div class=\"elementor-element elementor-element-467ce32 lte-animation-floating lte-animation-speed-slow lte-animation-delay-slow elementor-widget elementor-widget-image\" data-id=\"467ce32\" data-element_type=\"widget\" data-e-type=\"widget\" data-widget_type=\"image.default\">\n\t\t\t\t<div class=\"elementor-widget-container\">\n\t\t\t\t\t\t\t\t\t\t\t\t\t\t\t<img decoding=\"async\" width=\"1024\" height=\"1021\" src=\"https:\/\/revitalizeinturkey.com\/wp-content\/uploads\/2026\/03\/london-1024x1021.png\" class=\"attachment-large size-large wp-image-45115\" alt=\"\" srcset=\"https:\/\/revitalizeinturkey.com\/wp-content\/uploads\/2026\/03\/london-1024x1021.png 1024w, https:\/\/revitalizeinturkey.com\/wp-content\/uploads\/2026\/03\/london-300x300.png 300w, https:\/\/revitalizeinturkey.com\/wp-content\/uploads\/2026\/03\/london-150x150.png 150w, https:\/\/revitalizeinturkey.com\/wp-content\/uploads\/2026\/03\/london-768x766.png 768w, https:\/\/revitalizeinturkey.com\/wp-content\/uploads\/2026\/03\/london-460x460.png 460w, https:\/\/revitalizeinturkey.com\/wp-content\/uploads\/2026\/03\/london-500x500.png 500w, https:\/\/revitalizeinturkey.com\/wp-content\/uploads\/2026\/03\/london-140x140.png 140w, https:\/\/revitalizeinturkey.com\/wp-content\/uploads\/2026\/03\/london-80x80.png 80w, https:\/\/revitalizeinturkey.com\/wp-content\/uploads\/2026\/03\/london-100x100.png 100w, https:\/\/revitalizeinturkey.com\/wp-content\/uploads\/2026\/03\/london-360x360.png 360w, https:\/\/revitalizeinturkey.com\/wp-content\/uploads\/2026\/03\/london-1250x1247.png 1250w, https:\/\/revitalizeinturkey.com\/wp-content\/uploads\/2026\/03\/london-350x350.png 350w, https:\/\/revitalizeinturkey.com\/wp-content\/uploads\/2026\/03\/london-480x479.png 480w, https:\/\/revitalizeinturkey.com\/wp-content\/uploads\/2026\/03\/london-600x598.png 600w, https:\/\/revitalizeinturkey.com\/wp-content\/uploads\/2026\/03\/london.png 1536w\" sizes=\"(max-width: 1024px) 100vw, 1024px\" title=\"\">\t\t\t\t\t\t\t\t\t\t\t\t\t\t\t<\/div>\n\t\t\t\t<\/div>\n\t\t\t\t<\/div>\n\t\t<div class=\"elementor-element elementor-element-bac4556 e-con-full e-flex e-con e-child\" data-id=\"bac4556\" data-element_type=\"container\" data-e-type=\"container\">\n\t\t\t\t<div class=\"elementor-element elementor-element-3c0b7d6 lte-animation-floating lte-animation-speed-slow lte-animation-delay-slow elementor-widget elementor-widget-image\" data-id=\"3c0b7d6\" data-element_type=\"widget\" data-e-type=\"widget\" data-widget_type=\"image.default\">\n\t\t\t\t<div class=\"elementor-widget-container\">\n\t\t\t\t\t\t\t\t\t\t\t\t\t\t\t<img decoding=\"async\" width=\"1024\" height=\"965\" src=\"https:\/\/revitalizeinturkey.com\/wp-content\/uploads\/2026\/03\/revitalize-london-manchester-image-1024x965.jpg\" class=\"attachment-large size-large wp-image-45113\" alt=\"\" srcset=\"https:\/\/revitalizeinturkey.com\/wp-content\/uploads\/2026\/03\/revitalize-london-manchester-image-1024x965.jpg 1024w, https:\/\/revitalizeinturkey.com\/wp-content\/uploads\/2026\/03\/revitalize-london-manchester-image-300x283.jpg 300w, https:\/\/revitalizeinturkey.com\/wp-content\/uploads\/2026\/03\/revitalize-london-manchester-image-768x724.jpg 768w, https:\/\/revitalizeinturkey.com\/wp-content\/uploads\/2026\/03\/revitalize-london-manchester-image-500x471.jpg 500w, https:\/\/revitalizeinturkey.com\/wp-content\/uploads\/2026\/03\/revitalize-london-manchester-image-100x94.jpg 100w, https:\/\/revitalizeinturkey.com\/wp-content\/uploads\/2026\/03\/revitalize-london-manchester-image-1250x1178.jpg 1250w, https:\/\/revitalizeinturkey.com\/wp-content\/uploads\/2026\/03\/revitalize-london-manchester-image-480x452.jpg 480w, https:\/\/revitalizeinturkey.com\/wp-content\/uploads\/2026\/03\/revitalize-london-manchester-image-600x565.jpg 600w, https:\/\/revitalizeinturkey.com\/wp-content\/uploads\/2026\/03\/revitalize-london-manchester-image.jpg 1536w\" sizes=\"(max-width: 1024px) 100vw, 1024px\" title=\"\">\t\t\t\t\t\t\t\t\t\t\t\t\t\t\t<\/div>\n\t\t\t\t<\/div>\n\t\t\t\t<\/div>\n\t\t\t\t\t<\/div>\n\t\t\t\t<\/div>\n\t\t\t\t<\/div>\n\t\t<div class=\"sharing-default-minimal post-bottom\"><div class=\"nectar-social default\" data-position=\"\" data-rm-love=\"0\" data-color-override=\"override\"><div class=\"nectar-social-inner\"><a href=\"#\" class=\"nectar-love\" id=\"nectar-love-59956\" title=\"Love this\"> <i class=\"icon-salient-heart-2\"><\/i><span class=\"love-text\">Love<\/span><span class=\"total_loves\"><span class=\"nectar-love-count\">0<\/span><\/span><\/a><a class='facebook-share nectar-sharing' href='#' title='Share this'> <i class='fa fa-facebook'><\/i> <span class='social-text'>Share<\/span> <\/a><a class='twitter-share nectar-sharing' href='#' title='Share this'> <i class='fa icon-salient-x-twitter'><\/i> <span class='social-text'>Share<\/span> <\/a><a class='linkedin-share nectar-sharing' href='#' title='Share this'> <i class='fa fa-linkedin'><\/i> <span class='social-text'>Share<\/span> <\/a><a class='pinterest-share nectar-sharing' href='#' title='Pin this'> <i class='fa fa-pinterest'><\/i> <span class='social-text'>Pin<\/span> <\/a><\/div><\/div><\/div>","protected":false},"excerpt":{"rendered":"<p>Revitalize in Turkey Manchester Meeting We have been holding meeting in Manchester at select venues for more than 21 years with the commitment to build a robust bridge between our patients and our clinic. The bond that we have established with our patients has continued to thrive and flourish with our well-established UK presence. So [&hellip;]<\/p>\n","protected":false},"author":2,"featured_media":0,"parent":0,"menu_order":0,"comment_status":"closed","ping_status":"closed","template":"","meta":{"_acf_changed":false,"_angie_page":false,"footnotes":""},"class_list":["post-59956","page","type-page","status-publish","hentry"],"acf":[],"_hostinger_reach_plugin_has_subscription_block":false,"_hostinger_reach_plugin_is_elementor":false,"_links":{"self":[{"href":"https:\/\/revitalizeinturkey.com\/fr\/wp-json\/wp\/v2\/pages\/59956","targetHints":{"allow":["GET"]}}],"collection":[{"href":"https:\/\/revitalizeinturkey.com\/fr\/wp-json\/wp\/v2\/pages"}],"about":[{"href":"https:\/\/revitalizeinturkey.com\/fr\/wp-json\/wp\/v2\/types\/page"}],"author":[{"embeddable":true,"href":"https:\/\/revitalizeinturkey.com\/fr\/wp-json\/wp\/v2\/users\/2"}],"replies":[{"embeddable":true,"href":"https:\/\/revitalizeinturkey.com\/fr\/wp-json\/wp\/v2\/comments?post=59956"}],"version-history":[{"count":11,"href":"https:\/\/revitalizeinturkey.com\/fr\/wp-json\/wp\/v2\/pages\/59956\/revisions"}],"predecessor-version":[{"id":63912,"href":"https:\/\/revitalizeinturkey.com\/fr\/wp-json\/wp\/v2\/pages\/59956\/revisions\/63912"}],"wp:attachment":[{"href":"https:\/\/revitalizeinturkey.com\/fr\/wp-json\/wp\/v2\/media?parent=59956"}],"curies":[{"name":"wp","href":"https:\/\/api.w.org\/{rel}","templated":true}]}}