{"id":13611,"date":"2020-04-13T22:21:39","date_gmt":"2020-04-13T22:21:39","guid":{"rendered":"https:\/\/revitalizeinturkey.com\/?page_id=13611"},"modified":"2026-03-25T12:33:19","modified_gmt":"2026-03-25T12:33:19","slug":"contacts","status":"publish","type":"page","link":"https:\/\/revitalizeinturkey.com\/el\/contacts\/","title":{"rendered":"\u0395\u03c0\u03b1\u03c6\u03ad\u03c2"},"content":{"rendered":"<div data-elementor-type=\"wp-page\" data-elementor-id=\"13611\" class=\"elementor elementor-13611\" data-elementor-post-type=\"page\">\n\t\t\t\t<div class=\"elementor-element elementor-element-d149684 e-flex e-con-boxed e-con e-parent\" data-id=\"d149684\" data-element_type=\"container\" data-e-type=\"container\" data-settings=\"{&quot;background_background&quot;:&quot;classic&quot;}\">\n\t\t\t\t\t<div class=\"e-con-inner\">\n\t\t<div class=\"elementor-element elementor-element-d472bc5 e-con-full e-flex e-con e-child\" data-id=\"d472bc5\" data-element_type=\"container\" data-e-type=\"container\">\n\t\t\t\t<div class=\"elementor-element elementor-element-205c4dc lte-heading-align-tablet-center elementor-widget elementor-widget-lte-header\" data-id=\"205c4dc\" data-element_type=\"widget\" data-e-type=\"widget\" data-widget_type=\"lte-header.default\">\n\t\t\t\t<div class=\"elementor-widget-container\">\n\t\t\t\t\t\t<div class=\"lte-heading lte-style-header-underline lte-subcolor-main has-subheader heading-tag-h3 heading-subtag-h6\"><div class=\"lte-heading-content\"><h6 class=\"lte-subheader\">\u0391\u03bd\u03b1\u03b6\u03c9\u03bf\u03b3\u03cc\u03bd\u03b7\u03c3\u03b7 \u03c3\u03c4\u03b7\u03bd \u03a4\u03bf\u03c5\u03c1\u03ba\u03af\u03b1<\/h6><h3 class=\"lte-header\">Start Your Transformation Journey Today<\/h3><\/div><\/div>\t\t\t\t<\/div>\n\t\t\t\t<\/div>\n\t\t\t\t<div class=\"elementor-element elementor-element-5d4957a elementor-widget__width-initial elementor-widget elementor-widget-text-editor\" data-id=\"5d4957a\" data-element_type=\"widget\" data-e-type=\"widget\" data-widget_type=\"text-editor.default\">\n\t\t\t\t<div class=\"elementor-widget-container\">\n\t\t\t\t\t\t\t\t\t<p>Have questions or ready to begin your treatment journey in Turkey? Our expert team is here to guide you every step of the way \u2014 from consultation to recovery.<\/p>\t\t\t\t\t\t\t\t<\/div>\n\t\t\t\t<\/div>\n\t\t\t\t<div class=\"elementor-element elementor-element-1a3a4bd elementor-widget-tablet__width-initial lte-style-grid-disabled elementor-widget elementor-widget-lte-icons\" data-id=\"1a3a4bd\" data-element_type=\"widget\" data-e-type=\"widget\" data-widget_type=\"lte-icons.default\">\n\t\t\t\t<div class=\"elementor-widget-container\">\n\t\t\t\t\t<ul class=\"lte-block-icon icons-count-5 lte-icon-space-sm lte-icon-shape-default lte-icon-background-disabled lte-icon-grid-background-disabled lte-icon-border- lte-icon-color-main lte-icon-divider-disabled lte-icon-size-xsmall lte-header-color-default lte-icon-type-left lte-icon-align- lte-hover-animation-icon-up layout-cols1 lte-additional-\"><li class=\"col-xl-12 col-xs-12\"><a href=\"tel:+905050157331\"   class=\"lte-inner\"><i aria-hidden=\"true\" class=\"fas fa-phone-alt\"><\/i><span class=\"lte-icon-content\"> <span class=\"lte-header lte-h5\"> Turkey Office: +90 5050157331 <\/span> <\/span><\/a><\/li><li class=\"col-xl-12 col-xs-12\"><a href=\"tel:+447884361546\"   class=\"lte-inner\"><i aria-hidden=\"true\" class=\"fas fa-phone-alt\"><\/i><span class=\"lte-icon-content\"> <span class=\"lte-header lte-h5\"> UK Patient Coordinator: +44 7884 361546 <\/span> <\/span><\/a><\/li><li class=\"col-xl-12 col-xs-12\"><a href=\"http:\/\/wa.me\/905050157331\" class=\"lte-inner\" target=\"_blank\" rel=\"noopener\"><i aria-hidden=\"true\" class=\"fas fa-phone-alt\"><\/i><span class=\"lte-icon-content\"> <span class=\"lte-header lte-h5\"> WhatsApp Support: +90 5050157331 <\/span> <\/span><\/a><\/li><li class=\"col-xl-12 col-xs-12\"><a href=\"https:\/\/share.google\/LtLy7YP1NLQpSfcSZ\" class=\"lte-inner\" target=\"_blank\" rel=\"noopener\"><i aria-hidden=\"true\" class=\"fas fa-map-marker-alt\"><\/i><span class=\"lte-icon-content\"> <span class=\"lte-header lte-h5\"> Turkey Head Office: Ay\u015fe Mayda Street, No:15c<br \/>\nK\u00fc\u00e7\u00fckyal\u0131, Konak, \u03a3\u03bc\u03cd\u03c1\u03bd\u03b7 - \u03a4\u03bf\u03c5\u03c1\u03ba\u03af\u03b1 <\/span> <\/span><\/a><\/li><li class=\"col-xl-12 col-xs-12\"><div   class=\"lte-inner\"><i aria-hidden=\"true\" class=\"fas fa-map-marker-alt\"><\/i><span class=\"lte-icon-content\"> <span class=\"lte-header lte-h5\"> Mandarin Grove Health &amp; Wellness Retreat : Atat\u00fcrk District, 2175 Street, No:79<br \/>\nUrla, \u03a3\u03bc\u03cd\u03c1\u03bd\u03b7 - \u03a4\u03bf\u03c5\u03c1\u03ba\u03af\u03b1<br \/>\n<br \/>\n <\/span> <\/span><\/div><\/li><\/ul>\t\t\t\t<\/div>\n\t\t\t\t<\/div>\n\t\t\t\t<\/div>\n\t\t<div class=\"elementor-element elementor-element-ef4792f e-con-full lte-background-gray e-flex e-con e-child\" data-id=\"ef4792f\" data-element_type=\"container\" data-e-type=\"container\">\n\t\t\t\t<div class=\"elementor-element elementor-element-ed3aae7 lte-background-gray elementor-widget elementor-widget-lte-cf7\" data-id=\"ed3aae7\" data-element_type=\"widget\" data-e-type=\"widget\" data-widget_type=\"lte-cf7.default\">\n\t\t\t\t<div class=\"elementor-widget-container\">\n\t\t\t\t\t<div class=\"lte-contact-form-7 lte-padding-yes lte-btn-main lte-full-width-no\">\n<div class=\"wpcf7 no-js\" id=\"wpcf7-f40438-o1\" lang=\"en-US\" dir=\"ltr\" data-wpcf7-id=\"40438\">\n<div class=\"screen-reader-response\"><p role=\"status\" aria-live=\"polite\" aria-atomic=\"true\"><\/p> <ul><\/ul><\/div>\n<form action=\"\/el\/wp-json\/wp\/v2\/pages\/13611#wpcf7-f40438-o1\" method=\"post\" class=\"wpcf7-form init\" aria-label=\"Contact form\" novalidate=\"novalidate\" data-status=\"init\" data-trp-original-action=\"\/el\/wp-json\/wp\/v2\/pages\/13611#wpcf7-f40438-o1\">\n<fieldset class=\"hidden-fields-container\"><input type=\"hidden\" name=\"_wpcf7\" value=\"40438\" \/><input type=\"hidden\" name=\"_wpcf7_version\" value=\"6.1.5\" \/><input type=\"hidden\" name=\"_wpcf7_locale\" value=\"en_US\" \/><input type=\"hidden\" name=\"_wpcf7_unit_tag\" value=\"wpcf7-f40438-o1\" \/><input type=\"hidden\" name=\"_wpcf7_container_post\" value=\"0\" \/><input type=\"hidden\" name=\"_wpcf7_posted_data_hash\" value=\"\" \/>\n<\/fieldset>\n<p><link rel=\"stylesheet\" href=\"https:\/\/cdnjs.cloudflare.com\/ajax\/libs\/intl-tel-input\/18.2.1\/css\/intlTelInput.css\" \/>\n<\/p>\n<div class=\"row\">\n\t<div class=\"col-lg-12 col-md-12 col-xs-12\" style=\"margin-bottom: 20px;\">\n\t\t<p><span class=\"wpcf7-form-control-wrap\" data-name=\"full-name\"><input size=\"40\" maxlength=\"400\" class=\"wpcf7-form-control wpcf7-text wpcf7-validates-as-required\" aria-required=\"true\" aria-invalid=\"false\" placeholder=\"Full Name\" value=\"\" type=\"text\" name=\"full-name\" \/><\/span>\n\t\t<\/p>\n\t<\/div>\n\t<div class=\"col-lg-12 col-md-12 col-xs-12\" style=\"margin-bottom: 20px;\">\n\t\t<p><span class=\"wpcf7-form-control-wrap\" data-name=\"email-address\"><input size=\"40\" maxlength=\"400\" class=\"wpcf7-form-control wpcf7-email wpcf7-validates-as-required wpcf7-text wpcf7-validates-as-email\" aria-required=\"true\" aria-invalid=\"false\" placeholder=\"Email Address\" value=\"\" type=\"email\" name=\"email-address\" \/><\/span>\n\t\t<\/p>\n\t<\/div>\n\t<div class=\"col-lg-12 col-md-12 col-xs-12\" style=\"margin-bottom: 20px;\">\n\t\t<p><span class=\"wpcf7-form-control-wrap\" data-name=\"phone-number\"><input size=\"40\" maxlength=\"400\" class=\"wpcf7-form-control wpcf7-tel wpcf7-validates-as-required wpcf7-text wpcf7-validates-as-tel\" id=\"phone-input\" aria-required=\"true\" aria-invalid=\"false\" placeholder=\"Phone Number\" value=\"\" type=\"tel\" name=\"phone-number\" \/><\/span><br \/>\n\t\t<input class=\"wpcf7-form-control wpcf7-hidden\" id=\"full-phone\" value=\"\" type=\"hidden\" name=\"full-phone\" \/>\n\t\t<\/p>\n\t<\/div>\n\t<div class=\"col-lg-12 col-md-12 col-xs-12\" style=\"margin-bottom: 20px;\">\n\t\t<p><span class=\"wpcf7-form-control-wrap\" data-name=\"interested-treatment\"><input size=\"40\" maxlength=\"400\" class=\"wpcf7-form-control wpcf7-text wpcf7-validates-as-required\" aria-required=\"true\" aria-invalid=\"false\" placeholder=\"e.g. Face Lifting\" value=\"\" type=\"text\" name=\"interested-treatment\" \/><\/span>\n\t\t<\/p>\n\t<\/div>\n<\/div>\n<div style=\"text-align:center;\">\n\t<p><input class=\"wpcf7-form-control wpcf7-submit has-spinner\" type=\"submit\" value=\"Inquire\" \/>\n\t<\/p>\n<\/div>\n<style>\n \/* Tasar\u0131m Ayarlar\u0131 *\/\n .iti { width: 100%; display: block; }\n span.wpcf7-form-control-wrap { display: block; width: 100%; }\n \n #phone-input { \n padding-left: 95px !important; \n width: 100% !important; \n box-sizing: border-box !important; \n height: 45px; \/* Form stilinize g\u00f6re ayarlayabilirsiniz *\/\n }\n \n .iti__flag-container { z-index: 10; }\n .iti__selected-flag { background-color: transparent !important; }\n \n \/* Hata mesajlar\u0131n\u0131 d\u00fczenleme *\/\n span.wpcf7-not-valid-tip { font-size: 12px; margin-top: 5px; }\n<\/style>\n<p><script src=\"https:\/\/cdnjs.cloudflare.com\/ajax\/libs\/intl-tel-input\/18.2.1\/js\/intlTelInput.min.js\"><\/script><br \/>\n<script>\ndocument.addEventListener(\"DOMContentLoaded\", function() {\n var input = document.querySelector(\"#phone-input\");\n var hiddenInput = document.querySelector(\"#full-phone\");\n \n if(input && hiddenInput) {\n var iti = window.intlTelInput(input, {\n initialCountry: \"auto\",\n geoIpLookup: function(callback) {\n fetch(\"https:\/\/ipapi.co\/json\")\n .then(function(res) { return res.json(); })\n .then(function(data) { callback(data.country_code); })\n .catch(function() { callback(\"us\"); });\n },\n utilsScript: \"https:\/\/cdnjs.cloudflare.com\/ajax\/libs\/intl-tel-input\/18.2.1\/js\/utils.js\",\n separateDialCode: true\n });\n\n \/\/ Form her g\u00f6nderildi\u011finde (submit) \u00fclke kodunu al\u0131p gizli alana yazar\n var form = input.closest('form');\n form.addEventListener('submit', function() {\n var fullNumber = iti.getNumber(); \/\/ \u00d6rn: +90532...\n hiddenInput.value = fullNumber;\n });\n }\n});\n<\/script>\n<\/p><div class=\"wpcf7-response-output\" aria-hidden=\"true\"><\/div>\n<input type=\"hidden\" name=\"trp-form-language\" value=\"el\"\/><\/form>\n<\/div>\n<\/div>\t\t\t\t<\/div>\n\t\t\t\t<\/div>\n\t\t\t\t<\/div>\n\t\t<div class=\"elementor-element elementor-element-7cfcdec e-con-full elementor-hidden-tablet elementor-hidden-mobile_extra elementor-hidden-mobile e-flex e-con e-child\" data-id=\"7cfcdec\" data-element_type=\"container\" data-e-type=\"container\" data-settings=\"{&quot;background_background&quot;:&quot;classic&quot;}\">\n\t\t\t\t<\/div>\n\t\t\t\t\t<\/div>\n\t\t\t\t<\/div>\n\t\t<div class=\"elementor-element elementor-element-dd65955 e-flex e-con-boxed e-con e-parent\" data-id=\"dd65955\" data-element_type=\"container\" data-e-type=\"container\">\n\t\t\t\t\t<div class=\"e-con-inner\">\n\t\t\t\t<div class=\"elementor-element elementor-element-6c07a8e elementor-widget elementor-widget-google_maps\" data-id=\"6c07a8e\" data-element_type=\"widget\" data-e-type=\"widget\" data-widget_type=\"google_maps.default\">\n\t\t\t\t<div class=\"elementor-widget-container\">\n\t\t\t\t\t\t\t<div class=\"elementor-custom-embed\">\n\t\t\t<iframe loading=\"lazy\"\n\t\t\t\t\tsrc=\"https:\/\/maps.google.com\/maps?q=Revitalizeinturkey&#038;t=m&#038;z=10&#038;output=embed&#038;iwloc=near\"\n\t\t\t\t\ttitle=\"Revitalizeinturkey\"\n\t\t\t\t\taria-label=\"Revitalizeinturkey\"\n\t\t\t><\/iframe>\n\t\t<\/div>\n\t\t\t\t\t\t<\/div>\n\t\t\t\t<\/div>\n\t\t\t\t\t<\/div>\n\t\t\t\t<\/div>\n\t\t\t\t<\/div>\n\t\t<div class=\"sharing-default-minimal post-bottom\"><div class=\"nectar-social default\" data-position=\"\" data-rm-love=\"0\" data-color-override=\"override\"><div class=\"nectar-social-inner\"><a href=\"#\" class=\"nectar-love\" id=\"nectar-love-13611\" title=\"Love this\"> <i class=\"icon-salient-heart-2\"><\/i><span class=\"love-text\">Love<\/span><span class=\"total_loves\"><span class=\"nectar-love-count\">0<\/span><\/span><\/a><a class='facebook-share nectar-sharing' href='#' title='Share this'> <i class='fa fa-facebook'><\/i> <span class='social-text'>Share<\/span> <\/a><a class='twitter-share nectar-sharing' href='#' title='Share this'> <i class='fa icon-salient-x-twitter'><\/i> <span class='social-text'>Share<\/span> <\/a><a class='linkedin-share nectar-sharing' href='#' title='Share this'> <i class='fa fa-linkedin'><\/i> <span class='social-text'>Share<\/span> <\/a><a class='pinterest-share nectar-sharing' href='#' title='Pin this'> <i class='fa fa-pinterest'><\/i> <span class='social-text'>Pin<\/span> <\/a><\/div><\/div><\/div>","protected":false},"excerpt":{"rendered":"<p>Revitalize In Turkey Start Your Transformation Journey Today Have questions or ready to begin your treatment journey in Turkey? Our expert team is here to guide you every step of the way \u2014 from consultation to recovery. Turkey Office: +90 5050157331 UK Patient Coordinator: +44 7884 361546 WhatsApp Support: +90 5050157331 Turkey Head Office: Ay\u015fe [&hellip;]<\/p>\n","protected":false},"author":1,"featured_media":44427,"parent":0,"menu_order":0,"comment_status":"closed","ping_status":"closed","template":"page-templates\/full-width.php","meta":{"_angie_page":false,"footnotes":""},"class_list":["post-13611","page","type-page","status-publish","has-post-thumbnail","hentry"],"_links":{"self":[{"href":"https:\/\/revitalizeinturkey.com\/el\/wp-json\/wp\/v2\/pages\/13611","targetHints":{"allow":["GET"]}}],"collection":[{"href":"https:\/\/revitalizeinturkey.com\/el\/wp-json\/wp\/v2\/pages"}],"about":[{"href":"https:\/\/revitalizeinturkey.com\/el\/wp-json\/wp\/v2\/types\/page"}],"author":[{"embeddable":true,"href":"https:\/\/revitalizeinturkey.com\/el\/wp-json\/wp\/v2\/users\/1"}],"replies":[{"embeddable":true,"href":"https:\/\/revitalizeinturkey.com\/el\/wp-json\/wp\/v2\/comments?post=13611"}],"version-history":[{"count":27,"href":"https:\/\/revitalizeinturkey.com\/el\/wp-json\/wp\/v2\/pages\/13611\/revisions"}],"predecessor-version":[{"id":59915,"href":"https:\/\/revitalizeinturkey.com\/el\/wp-json\/wp\/v2\/pages\/13611\/revisions\/59915"}],"wp:featuredmedia":[{"embeddable":true,"href":"https:\/\/revitalizeinturkey.com\/el\/wp-json\/wp\/v2\/media\/44427"}],"wp:attachment":[{"href":"https:\/\/revitalizeinturkey.com\/el\/wp-json\/wp\/v2\/media?parent=13611"}],"curies":[{"name":"wp","href":"https:\/\/api.w.org\/{rel}","templated":true}]}}