{"id":1629,"date":"2024-03-29T16:47:44","date_gmt":"2024-03-29T13:47:44","guid":{"rendered":"https:\/\/www.revitalizeinturkey.com\/\/?page_id=1629"},"modified":"2026-05-08T11:40:45","modified_gmt":"2026-05-08T11:40:45","slug":"abdominal-contouring-package","status":"publish","type":"page","link":"https:\/\/revitalizeinturkey.com\/az\/abdominal-contouring-package\/","title":{"rendered":"Abdominal Contouring Package"},"content":{"rendered":"<div id=\"fws_6a0671106edfa\"  data-column-margin=\"default\" data-midnight=\"dark\" data-top-percent=\"10%\" data-bottom-percent=\"10%\"  class=\"wpb_row vc_row-fluid vc_row full-width-section\"  style=\"padding-top: calc(100vw * 0.10); padding-bottom: calc(100vw * 0.10); \"><div class=\"row-bg-wrap\" data-bg-animation=\"none\" data-bg-animation-delay=\"\" data-bg-overlay=\"true\"><div class=\"inner-wrap row-bg-layer using-image\" ><div class=\"row-bg viewport-desktop using-image\"  style=\"background-image: url(https:\/\/revitalizeinturkey.com\/wp-content\/uploads\/2026\/03\/Ekran-goruntusu-2026-03-09-170237.png); background-position: center center; background-repeat: no-repeat; \"><\/div><\/div><div class=\"row-bg-overlay row-bg-layer\" style=\"background-color:#000000;  opacity: 0.3; \"><\/div><\/div><div class=\"row_col_wrap_12 col span_12 dark left\">\n\t<div  class=\"vc_col-sm-12 wpb_column column_container vc_column_container col no-extra-padding\"  data-padding-pos=\"all\" data-has-bg-color=\"false\" data-bg-color=\"\" data-bg-opacity=\"1\" data-animation=\"\" data-delay=\"0\" >\n\t\t<div class=\"vc_column-inner\" >\n\t\t\t<div class=\"wpb_wrapper\">\n\t\t\t\t<h1 style=\"font-size: 50px;color: #ffffff;text-align: center\" class=\"vc_custom_heading vc_do_custom_heading\" >ABDOMINAL CONTOUR\u0130NG PACKAGE<\/h1>\n\t\t\t<\/div> \n\t\t<\/div>\n\t<\/div> \n<\/div><\/div>\n\t\t<div id=\"fws_6a0671106f227\"  data-column-margin=\"default\" data-midnight=\"dark\"  class=\"wpb_row vc_row-fluid vc_row\"  style=\"padding-top: 0px; padding-bottom: 0px; \"><div class=\"row-bg-wrap\" data-bg-animation=\"none\" data-bg-animation-delay=\"\" data-bg-overlay=\"false\"><div class=\"inner-wrap row-bg-layer\" ><div class=\"row-bg viewport-desktop\"  style=\"\"><\/div><\/div><\/div><div class=\"row_col_wrap_12 col span_12 dark left\">\n\t<div  class=\"vc_col-sm-12 wpb_column column_container vc_column_container col no-extra-padding\"  data-padding-pos=\"all\" data-has-bg-color=\"false\" data-bg-color=\"\" data-bg-opacity=\"1\" data-animation=\"\" data-delay=\"0\" >\n\t\t<div class=\"vc_column-inner\" >\n\t\t\t<div class=\"wpb_wrapper\">\n\t\t\t\t\n<div class=\"wpb_text_column wpb_content_element\" >\n\t<h1 data-section-id=\"18gh2jy\" data-start=\"0\" data-end=\"40\">Abdominal Contouring Package in Turkey<\/h1>\n<p data-start=\"42\" data-end=\"412\">The Abdominal Contouring Package is a combined cosmetic surgery approach designed to improve the shape and firmness of the abdominal area. This package typically involves <a href=\"https:\/\/revitalizeinturkey.com\/az\/tummy-tuck-abdominoplasty\/\"><strong data-start=\"213\" data-end=\"252\">tummy tuck surgery (abdominoplasty)<\/strong><\/a> v\u0259 <a href=\"https:\/\/revitalizeinturkey.com\/az\/vaser-liposuction\/\"><strong data-start=\"257\" data-end=\"284\">single-area liposuction<\/strong><\/a>, two procedures that focus on removing excess skin, tightening the abdominal wall, and refining body contour in targeted areas.<\/p>\n<p data-start=\"414\" data-end=\"840\">Changes in abdominal contour may occur due to pregnancy, significant weight loss, aging, or natural variations in body composition. Loose skin, weakened abdominal muscles, and localized fat deposits can contribute to an uneven or protruding abdominal appearance. By combining procedures that address both skin laxity and localized fat, the abdominal contouring package aims to improve the overall appearance of the midsection.<\/p>\n<p data-start=\"842\" data-end=\"949\">Each treatment plan is customized according to the patient\u2019s anatomy, medical history, and aesthetic goals.<\/p>\n<hr data-start=\"951\" data-end=\"954\" \/>\n<h2 data-section-id=\"11f53gu\" data-start=\"956\" data-end=\"999\">What Is an Abdominal Contouring Package?<\/h2>\n<p data-start=\"1001\" data-end=\"1150\">An Abdominal Contouring Package refers to a <strong data-start=\"1045\" data-end=\"1149\">combination of surgical procedures designed to reshape and improve the contour of the abdominal area<\/strong>.<\/p>\n<p data-start=\"1152\" data-end=\"1183\">The package typically includes:<\/p>\n<ul data-start=\"1185\" data-end=\"1248\">\n<li data-section-id=\"7bqqs6\" data-start=\"1185\" data-end=\"1218\">\n<p data-start=\"1187\" data-end=\"1218\"><strong data-start=\"1187\" data-end=\"1218\">Tummy tuck (abdominoplasty)<\/strong><\/p>\n<\/li>\n<li data-section-id=\"isfl8r\" data-start=\"1219\" data-end=\"1248\">\n<p data-start=\"1221\" data-end=\"1248\"><strong data-start=\"1221\" data-end=\"1248\">Single-area liposuction<\/strong><\/p>\n<\/li>\n<\/ul>\n<p data-start=\"1250\" data-end=\"1402\">These procedures may be performed together during the same surgical plan to address excess skin, weakened abdominal muscles, and localized fat deposits.<\/p>\n<hr data-start=\"1404\" data-end=\"1407\" \/>\n<h2 data-section-id=\"10w4sxn\" data-start=\"1409\" data-end=\"1439\">Tummy Tuck (Abdominoplasty)<\/h2>\n<p data-start=\"1441\" data-end=\"1586\">A tummy tuck is a surgical procedure used to improve the appearance of the abdomen by removing excess skin and tightening the underlying muscles.<\/p>\n<p data-start=\"1588\" data-end=\"1614\">The procedure may involve:<\/p>\n<ul data-start=\"1616\" data-end=\"1800\">\n<li data-section-id=\"45hemc\" data-start=\"1616\" data-end=\"1652\">\n<p data-start=\"1618\" data-end=\"1652\">Removal of excess abdominal skin<\/p>\n<\/li>\n<li data-section-id=\"167isu7\" data-start=\"1653\" data-end=\"1710\">\n<p data-start=\"1655\" data-end=\"1710\">Tightening of weakened or separated abdominal muscles<\/p>\n<\/li>\n<li data-section-id=\"so87x0\" data-start=\"1711\" data-end=\"1749\">\n<p data-start=\"1713\" data-end=\"1749\">Reshaping of the abdominal contour<\/p>\n<\/li>\n<li data-section-id=\"tjcsc6\" data-start=\"1750\" data-end=\"1800\">\n<p data-start=\"1752\" data-end=\"1800\">Repositioning of the belly button if necessary<\/p>\n<\/li>\n<\/ul>\n<p data-start=\"1802\" data-end=\"1922\">Abdominoplasty may be considered when loose skin or abdominal muscle separation persists after pregnancy or weight loss.<\/p>\n<hr data-start=\"1924\" data-end=\"1927\" \/>\n<h2 data-section-id=\"1fb2tgm\" data-start=\"1929\" data-end=\"1955\">Single-Area Liposuction<\/h2>\n<p data-start=\"1957\" data-end=\"2073\">Liposuction is a surgical procedure used to remove localized fat deposits that may not respond to diet and exercise.<\/p>\n<p data-start=\"2075\" data-end=\"2161\">In this package, liposuction is performed on <strong data-start=\"2120\" data-end=\"2141\">one targeted area<\/strong>, which may include:<\/p>\n<ul data-start=\"2163\" data-end=\"2233\">\n<li data-section-id=\"f1vx2o\" data-start=\"2163\" data-end=\"2182\">\n<p data-start=\"2165\" data-end=\"2182\">Waist or flanks<\/p>\n<\/li>\n<li data-section-id=\"bzke3p\" data-start=\"2183\" data-end=\"2200\">\n<p data-start=\"2185\" data-end=\"2200\">Lower abdomen<\/p>\n<\/li>\n<li data-section-id=\"tkd7eo\" data-start=\"2201\" data-end=\"2215\">\n<p data-start=\"2203\" data-end=\"2215\">Lower back<\/p>\n<\/li>\n<li data-section-id=\"1bpwltw\" data-start=\"2216\" data-end=\"2233\">\n<p data-start=\"2218\" data-end=\"2233\">Upper abdomen<\/p>\n<\/li>\n<\/ul>\n<p data-start=\"2235\" data-end=\"2362\">The procedure involves inserting a thin tube called a <strong data-start=\"2289\" data-end=\"2300\">cannula<\/strong> through small incisions to remove fat from the selected area.<\/p>\n<p data-start=\"2364\" data-end=\"2454\">Liposuction is intended to improve body contour rather than serve as a weight-loss method.<\/p>\n<hr data-start=\"2456\" data-end=\"2459\" \/>\n<h2 data-section-id=\"180igv3\" data-start=\"2461\" data-end=\"2520\">Who May Be Suitable for the Abdominal Contouring Package<\/h2>\n<p data-start=\"2522\" data-end=\"2661\">The abdominal contouring package may be considered for individuals who wish to improve the appearance of the abdomen and surrounding areas.<\/p>\n<p data-start=\"2663\" data-end=\"2696\">Potensial namiz\u0259dl\u0259r\u0259 a\u015fa\u011f\u0131dak\u0131lar daxil ola bil\u0259r:<\/p>\n<ul data-start=\"2698\" data-end=\"2963\">\n<li data-section-id=\"1v403ga\" data-start=\"2698\" data-end=\"2741\">\n<p data-start=\"2700\" data-end=\"2741\">\u015e\u0259xsl\u0259r <strong data-start=\"2717\" data-end=\"2741\">loose abdominal skin<\/strong><\/p>\n<\/li>\n<li data-section-id=\"75ju7p\" data-start=\"2742\" data-end=\"2797\">\n<p data-start=\"2744\" data-end=\"2797\">Patients experiencing <strong data-start=\"2766\" data-end=\"2797\">abdominal muscle separation<\/strong><\/p>\n<\/li>\n<li data-section-id=\"1muw0mn\" data-start=\"2798\" data-end=\"2862\">\n<p data-start=\"2800\" data-end=\"2862\">People with <strong data-start=\"2812\" data-end=\"2862\">localized fat deposits in the abdominal region<\/strong><\/p>\n<\/li>\n<li data-section-id=\"mhs3ha\" data-start=\"2863\" data-end=\"2923\">\n<p data-start=\"2865\" data-end=\"2923\">Individuals after <strong data-start=\"2883\" data-end=\"2923\">pregnancy or significant weight loss<\/strong><\/p>\n<\/li>\n<li data-section-id=\"knelw1\" data-start=\"2924\" data-end=\"2963\">\n<p data-start=\"2926\" data-end=\"2963\">Patients in <strong data-start=\"2938\" data-end=\"2963\">\u00dcmumi sa\u011flaml\u0131q sabitdir<\/strong><\/p>\n<\/li>\n<\/ul>\n<p data-start=\"2965\" data-end=\"3072\">Maintaining a stable body weight before surgery is generally recommended to help support long-term results.<\/p>\n<hr data-start=\"3074\" data-end=\"3077\" \/>\n<h2 data-section-id=\"1d8exjs\" data-start=\"3079\" data-end=\"3108\">Preparation Before Surgery<\/h2>\n<p data-start=\"3110\" data-end=\"3213\">Preparation for abdominal contouring procedures usually involves a consultation and medical evaluation.<\/p>\n<p data-start=\"3215\" data-end=\"3239\">Haz\u0131rl\u0131q a\u015fa\u011f\u0131dak\u0131lar\u0131 \u0259hat\u0259 ed\u0259 bil\u0259r:<\/p>\n<ul data-start=\"3241\" data-end=\"3443\">\n<li data-section-id=\"t32257\" data-start=\"3241\" data-end=\"3267\">\n<p data-start=\"3243\" data-end=\"3267\">Tibbi tarix\u00e7\u0259 bax\u0131\u015f\u0131<\/p>\n<\/li>\n<li data-section-id=\"1ul8dy\" data-start=\"3268\" data-end=\"3292\">\n<p data-start=\"3270\" data-end=\"3292\">Physical examination<\/p>\n<\/li>\n<li data-section-id=\"1608h4u\" data-start=\"3293\" data-end=\"3346\">\n<p data-start=\"3295\" data-end=\"3346\">Assessment of abdominal skin and muscle condition<\/p>\n<\/li>\n<li data-section-id=\"i8sze8\" data-start=\"3347\" data-end=\"3393\">\n<p data-start=\"3349\" data-end=\"3393\">Evaluation of fat distribution in the body<\/p>\n<\/li>\n<li data-section-id=\"nmtvw9\" data-start=\"3394\" data-end=\"3443\">\n<p data-start=\"3396\" data-end=\"3443\">Discussion of surgical goals and expectations<\/p>\n<\/li>\n<\/ul>\n<p data-start=\"3445\" data-end=\"3472\">X\u0259st\u0259l\u0259r\u0259 a\u015fa\u011f\u0131dak\u0131 m\u0259sl\u0259h\u0259tl\u0259r veril\u0259 bil\u0259r:<\/p>\n<ul data-start=\"3474\" data-end=\"3628\">\n<li data-section-id=\"4ba6zy\" data-start=\"3474\" data-end=\"3505\">\n<p data-start=\"3476\" data-end=\"3505\">Stop smoking before surgery<\/p>\n<\/li>\n<li data-section-id=\"1r1nl1t\" data-start=\"3506\" data-end=\"3555\">\n<p data-start=\"3508\" data-end=\"3555\">Qanama riskini art\u0131ran d\u0259rmanlardan \u00e7\u0259kinin<\/p>\n<\/li>\n<li data-section-id=\"ntbft9\" data-start=\"3556\" data-end=\"3589\">\n<p data-start=\"3558\" data-end=\"3589\">Sabit b\u0259d\u0259n \u00e7\u0259kisini qoruyun<\/p>\n<\/li>\n<li data-section-id=\"568qaq\" data-start=\"3590\" data-end=\"3628\">\n<p data-start=\"3592\" data-end=\"3628\">Arrange assistance during recovery<\/p>\n<\/li>\n<\/ul>\n<p data-start=\"3630\" data-end=\"3706\">Proper preparation helps reduce surgical risks and support smoother healing.<\/p>\n<hr data-start=\"3708\" data-end=\"3711\" \/>\n<h2 data-section-id=\"1h26gh9\" data-start=\"3713\" data-end=\"3765\">How the Abdominal Contouring Package Is Performed<\/h2>\n<p data-start=\"3767\" data-end=\"3892\">The procedures included in the package are typically performed during the same surgical session under <strong data-start=\"3869\" data-end=\"3891\">general anesthesia<\/strong>.<\/p>\n<p data-start=\"3894\" data-end=\"3927\">The surgical process may involve:<\/p>\n<ol data-start=\"3929\" data-end=\"4117\">\n<li data-section-id=\"2omvh1\" data-start=\"3929\" data-end=\"4019\">\n<p data-start=\"3932\" data-end=\"4019\"><strong data-start=\"3932\" data-end=\"3954\">Tummy tuck surgery<\/strong> to remove excess abdominal skin and tighten abdominal muscles.<\/p>\n<\/li>\n<li data-section-id=\"p1c2wq\" data-start=\"4020\" data-end=\"4117\">\n<p data-start=\"4023\" data-end=\"4117\"><strong data-start=\"4023\" data-end=\"4059\">Liposuction of one targeted area<\/strong> to refine body contour and remove localized fat deposits.<\/p>\n<\/li>\n<\/ol>\n<p data-start=\"4119\" data-end=\"4202\">After reshaping the treated areas, the incisions are carefully closed with sutures.<\/p>\n<p data-start=\"4204\" data-end=\"4315\">The duration of surgery varies depending on the complexity of the procedures and the individual treatment plan.<\/p>\n<hr data-start=\"4317\" data-end=\"4320\" \/>\n<h2 data-section-id=\"fdo8fi\" data-start=\"4322\" data-end=\"4368\">Recovery After Abdominal Contouring Surgery<\/h2>\n<p data-start=\"4370\" data-end=\"4442\">Recovery after combined abdominal procedures varies between individuals.<\/p>\n<p data-start=\"4444\" data-end=\"4468\">X\u0259st\u0259l\u0259r a\u015fa\u011f\u0131dak\u0131lar\u0131 ya\u015faya bil\u0259rl\u0259r:<\/p>\n<ul data-start=\"4470\" data-end=\"4599\">\n<li data-section-id=\"1lhk7jx\" data-start=\"4470\" data-end=\"4495\">\n<p data-start=\"4472\" data-end=\"4495\">\u015ei\u015fkinlik v\u0259 g\u00f6y\u0259rm\u0259<\/p>\n<\/li>\n<li data-section-id=\"1b3xwlf\" data-start=\"4496\" data-end=\"4520\">\n<p data-start=\"4498\" data-end=\"4520\">M\u00fcv\u0259qq\u0259ti narahatl\u0131q<\/p>\n<\/li>\n<li data-section-id=\"1mjvoxv\" data-start=\"4521\" data-end=\"4556\">\n<p data-start=\"4523\" data-end=\"4556\">Tightness in the abdominal area<\/p>\n<\/li>\n<li data-section-id=\"14sdc3g\" data-start=\"4557\" data-end=\"4599\">\n<p data-start=\"4559\" data-end=\"4599\">Limited movement during early recovery<\/p>\n<\/li>\n<\/ul>\n<p data-start=\"4601\" data-end=\"4628\">H\u0259kiml\u0259r ad\u0259t\u0259n t\u00f6vsiy\u0259 edirl\u0259r:<\/p>\n<ul data-start=\"4630\" data-end=\"4796\">\n<li data-section-id=\"f1whn6\" data-start=\"4630\" data-end=\"4662\">\n<p data-start=\"4632\" data-end=\"4662\">Kompressiya geyiml\u0259ri geyinm\u0259k<\/p>\n<\/li>\n<li data-section-id=\"1nca49g\" data-start=\"4663\" data-end=\"4717\">\n<p data-start=\"4665\" data-end=\"4717\">Avoiding strenuous activities during early healing<\/p>\n<\/li>\n<li data-section-id=\"1fb5o1r\" data-start=\"4718\" data-end=\"4759\">\n<p data-start=\"4720\" data-end=\"4759\">Dola\u015f\u0131m\u0131 d\u0259st\u0259kl\u0259m\u0259k \u00fc\u00e7\u00fcn y\u00fcng\u00fclc\u0259 g\u0259zm\u0259k<\/p>\n<\/li>\n<li data-section-id=\"xag5oj\" data-start=\"4760\" data-end=\"4796\">\n<p data-start=\"4762\" data-end=\"4796\">N\u00f6vb\u0259ti m\u00fcayin\u0259l\u0259r\u0259 getm\u0259k<\/p>\n<\/li>\n<\/ul>\n<p data-start=\"4798\" data-end=\"4878\">Most individuals gradually return to normal daily activities over several weeks.<\/p>\n<hr data-start=\"4880\" data-end=\"4883\" \/>\n<h2 data-section-id=\"7flz8a\" data-start=\"4885\" data-end=\"4920\">M\u00fcmk\u00fcn riskl\u0259r v\u0259 f\u0259sadlar<\/h2>\n<p data-start=\"4922\" data-end=\"5007\">As with any surgical procedure, abdominal contouring surgery carries potential risks.<\/p>\n<p data-start=\"5009\" data-end=\"5044\">M\u00fcmk\u00fcn f\u0259sadlar bunlardan ibar\u0259t ola bil\u0259r:<\/p>\n<ul data-start=\"5046\" data-end=\"5157\">\n<li data-section-id=\"1p7i3n7\" data-start=\"5046\" data-end=\"5059\">\n<p data-start=\"5048\" data-end=\"5059\">\u0130nfeksiya<\/p>\n<\/li>\n<li data-section-id=\"vldsgy\" data-start=\"5060\" data-end=\"5072\">\n<p data-start=\"5062\" data-end=\"5072\">Qanama<\/p>\n<\/li>\n<li data-section-id=\"z1wt5l\" data-start=\"5073\" data-end=\"5085\">\n<p data-start=\"5075\" data-end=\"5085\">Scarring<\/p>\n<\/li>\n<li data-section-id=\"wwudlz\" data-start=\"5086\" data-end=\"5108\">\n<p data-start=\"5088\" data-end=\"5108\">Maye y\u0131\u011f\u0131lmas\u0131<\/p>\n<\/li>\n<li data-section-id=\"nfj2xn\" data-start=\"5109\" data-end=\"5134\">\n<p data-start=\"5111\" data-end=\"5134\">Delayed wound healing<\/p>\n<\/li>\n<li data-section-id=\"et5zws\" data-start=\"5135\" data-end=\"5157\">\n<p data-start=\"5137\" data-end=\"5157\">M\u00fcv\u0259qq\u0259ti keyidilm\u0259<\/p>\n<\/li>\n<\/ul>\n<p data-start=\"5159\" data-end=\"5275\">A thorough consultation with a qualified surgeon can help patients understand potential risks and expected outcomes.<\/p>\n<hr data-start=\"5277\" data-end=\"5280\" \/>\n<h2 data-section-id=\"1avf6y2\" data-start=\"5282\" data-end=\"5367\">Why Some International Patients Consider Abdominal Contouring Procedures in Turkey<\/h2>\n<p data-start=\"5369\" data-end=\"5477\">Turkey has developed a medical tourism sector that includes various cosmetic and body contouring procedures.<\/p>\n<p data-start=\"5479\" data-end=\"5552\">Xaricd\u0259 m\u00fcalic\u0259 alma\u011f\u0131 d\u00fc\u015f\u00fcn\u0259n x\u0259st\u0259l\u0259r\u0259 t\u0259sir ed\u0259 bil\u0259c\u0259k amill\u0259r bunlard\u0131r:<\/p>\n<ul data-start=\"5554\" data-end=\"5774\">\n<li data-section-id=\"90rczd\" data-start=\"5554\" data-end=\"5596\">\n<p data-start=\"5556\" data-end=\"5596\">T\u0259cr\u00fcb\u0259li plastik c\u0259rrahlar \u00fc\u00e7\u00fcn \u00e7\u0131x\u0131\u015f<\/p>\n<\/li>\n<li data-section-id=\"1grwtcd\" data-start=\"5597\" data-end=\"5642\">\n<p data-start=\"5599\" data-end=\"5642\">Modern surgical facilities and technology<\/p>\n<\/li>\n<li data-section-id=\"1j1k1h9\" data-start=\"5643\" data-end=\"5679\">\n<p data-start=\"5645\" data-end=\"5679\">\u018fhat\u0259li m\u00fcalic\u0259 planla\u015fd\u0131r\u0131lmas\u0131<\/p>\n<\/li>\n<li data-section-id=\"1tmscyp\" data-start=\"5680\" data-end=\"5715\">\n<p data-start=\"5682\" data-end=\"5715\">Multidisciplinary medical teams<\/p>\n<\/li>\n<li data-section-id=\"jsfw7b\" data-start=\"5716\" data-end=\"5774\">\n<p data-start=\"5718\" data-end=\"5774\">Bir \u00e7ox klinika t\u0259r\u0259find\u0259n t\u0259klif olunan beyn\u0259lxalq x\u0259st\u0259 xidm\u0259tl\u0259ri<\/p>\n<\/li>\n<\/ul>\n<p data-start=\"5776\" data-end=\"5928\">Bel\u0259 \u015f\u0259h\u0259rl\u0259r kimi <strong data-start=\"5791\" data-end=\"5822\">\u0130stanbul, Ankara v\u0259 \u0130zmir<\/strong> host medical centers that provide cosmetic surgery services for both domestic and international patients.<\/p>\n<hr data-start=\"5930\" data-end=\"5933\" \/>\n<h2 data-section-id=\"1r8frcv\" data-start=\"5935\" data-end=\"5964\">Tez-tez veril\u0259n suallar<\/h2>\n<h3 data-section-id=\"1cl3hih\" data-start=\"5966\" data-end=\"6023\">Can tummy tuck and liposuction be performed together?<\/h3>\n<p data-start=\"6025\" data-end=\"6164\">Yes. In many cases, these procedures may be performed during the same surgical session depending on the patient\u2019s health and surgical plan.<\/p>\n<p data-start=\"6025\" data-end=\"6164\"><a href=\"https:\/\/revitalizeinturkey.com\/az\/qarin-dartilmasi\/\">Daha \u00e7ox oxu<\/a><\/p>\n<h3 data-section-id=\"15k8ypt\" data-start=\"6166\" data-end=\"6201\">How long does the surgery take?<\/h3>\n<p data-start=\"6203\" data-end=\"6296\">The duration varies depending on the complexity of the procedures but may take several hours.<\/p>\n<h3 data-section-id=\"br9odi\" data-start=\"6298\" data-end=\"6334\">How long is the recovery period?<\/h3>\n<p data-start=\"6336\" data-end=\"6455\">Recovery time varies between individuals, but many patients gradually return to normal activities within several weeks.<\/p>\n<h3 data-section-id=\"1j3gqs0\" data-start=\"6457\" data-end=\"6489\">Will there be visible scars?<\/h3>\n<p data-start=\"6491\" data-end=\"6655\">Surgical incisions are required for tummy tuck procedures, and scars may remain. Surgeons generally place incisions in areas that may be less visible when possible.<\/p>\n<h3 data-section-id=\"k6y5mq\" data-start=\"6657\" data-end=\"6700\">Is liposuction a weight-loss procedure?<\/h3>\n<p data-start=\"6702\" data-end=\"6833\">No. Liposuction is intended to remove localized fat deposits and improve body contour rather than serve as a weight-loss treatment.<\/p>\n<h3 data-section-id=\"1v203i4\" data-start=\"6835\" data-end=\"6886\">Is stable body weight important before surgery?<\/h3>\n<p data-start=\"6888\" data-end=\"6994\">Yes. Maintaining a stable body weight is usually recommended before undergoing body contouring procedures.<\/p>\n<p data-start=\"6888\" data-end=\"6994\"><a href=\"https:\/\/revitalizeinturkey.com\/az\/what-is-liposuction\/\">Liposuction in Abdominal Contouring<\/a><\/p>\n<hr data-start=\"6996\" data-end=\"6999\" \/>\n<h2 data-section-id=\"8dtpi\" data-start=\"7001\" data-end=\"7014\">N\u0259tic\u0259<\/h2>\n<p data-start=\"7016\" data-end=\"7518\">Medical treatments and surgical procedures are developed to address specific health conditions or functional concerns using established medical techniques and technologies. Depending on the treatment, procedures may aim to restore function, improve quality of life, or support the body\u2019s natural healing processes. Understanding how a treatment works, its possible applications, and its limitations helps patients make informed decisions when discussing treatment options with healthcare professionals.<\/p>\n<hr data-start=\"7520\" data-end=\"7523\" \/>\n<h2 data-section-id=\"fkz5ot\" data-start=\"7525\" data-end=\"7546\">Tibbi m\u0259suliyy\u0259td\u0259n imtina<\/h2>\n<p data-start=\"7548\" data-end=\"7746\" data-is-last-node=\"\" data-is-only-node=\"\">Burada t\u0259qdim olunan m\u0259lumat yaln\u0131z t\u0259dris m\u0259qs\u0259dlidir v\u0259 tibbi m\u0259sl\u0259h\u0259t say\u0131lmamal\u0131d\u0131r. H\u0259r hans\u0131 tibbi m\u00fcalic\u0259y\u0259 ba\u015flamazdan \u0259vv\u0259l h\u0259mi\u015f\u0259 ixtisasl\u0131 s\u0259hiyy\u0259 m\u00fct\u0259x\u0259ssisi il\u0259 m\u0259sl\u0259h\u0259tl\u0259\u015fin.<\/p>\n<\/div>\n\n\n\n\n\t\t\t<\/div> \n\t\t<\/div>\n\t<\/div> \n<\/div><\/div>\n<div class=\"sharing-default-minimal post-bottom\"><div class=\"nectar-social default\" data-position=\"\" data-rm-love=\"0\" data-color-override=\"override\"><div class=\"nectar-social-inner\"><a href=\"#\" class=\"nectar-love\" id=\"nectar-love-1629\" title=\"Love this\"> <i class=\"icon-salient-heart-2\"><\/i><span class=\"love-text\">Love<\/span><span class=\"total_loves\"><span class=\"nectar-love-count\">0<\/span><\/span><\/a><a class='facebook-share nectar-sharing' href='#' title='Share this'> <i class='fa fa-facebook'><\/i> <span class='social-text'>Share<\/span> <\/a><a class='twitter-share nectar-sharing' href='#' title='Share this'> <i class='fa icon-salient-x-twitter'><\/i> <span class='social-text'>Share<\/span> <\/a><a class='linkedin-share nectar-sharing' href='#' title='Share this'> <i class='fa fa-linkedin'><\/i> <span class='social-text'>Share<\/span> <\/a><a class='pinterest-share nectar-sharing' href='#' title='Pin this'> <i class='fa fa-pinterest'><\/i> <span class='social-text'>Pin<\/span> <\/a><\/div><\/div><\/div>","protected":false},"excerpt":{"rendered":"<p>Love0 Share Share Share Pin<\/p>","protected":false},"author":1,"featured_media":61880,"parent":0,"menu_order":0,"comment_status":"closed","ping_status":"closed","template":"","meta":{"_acf_changed":false,"_angie_page":false,"footnotes":""},"class_list":["post-1629","page","type-page","status-publish","has-post-thumbnail","hentry"],"acf":[],"_hostinger_reach_plugin_has_subscription_block":false,"_hostinger_reach_plugin_is_elementor":false,"_links":{"self":[{"href":"https:\/\/revitalizeinturkey.com\/az\/wp-json\/wp\/v2\/pages\/1629","targetHints":{"allow":["GET"]}}],"collection":[{"href":"https:\/\/revitalizeinturkey.com\/az\/wp-json\/wp\/v2\/pages"}],"about":[{"href":"https:\/\/revitalizeinturkey.com\/az\/wp-json\/wp\/v2\/types\/page"}],"author":[{"embeddable":true,"href":"https:\/\/revitalizeinturkey.com\/az\/wp-json\/wp\/v2\/users\/1"}],"replies":[{"embeddable":true,"href":"https:\/\/revitalizeinturkey.com\/az\/wp-json\/wp\/v2\/comments?post=1629"}],"version-history":[{"count":5,"href":"https:\/\/revitalizeinturkey.com\/az\/wp-json\/wp\/v2\/pages\/1629\/revisions"}],"predecessor-version":[{"id":63190,"href":"https:\/\/revitalizeinturkey.com\/az\/wp-json\/wp\/v2\/pages\/1629\/revisions\/63190"}],"wp:featuredmedia":[{"embeddable":true,"href":"https:\/\/revitalizeinturkey.com\/az\/wp-json\/wp\/v2\/media\/61880"}],"wp:attachment":[{"href":"https:\/\/revitalizeinturkey.com\/az\/wp-json\/wp\/v2\/media?parent=1629"}],"curies":[{"name":"wp","href":"https:\/\/api.w.org\/{rel}","templated":true}]}}